{"id":90,"date":"2020-10-01T11:27:23","date_gmt":"2020-10-01T09:27:23","guid":{"rendered":"http:\/\/muck-truck.pl\/index.php\/home\/"},"modified":"2025-03-18T08:23:58","modified_gmt":"2025-03-18T07:23:58","slug":"home","status":"publish","type":"page","link":"https:\/\/muck-truck.pl\/","title":{"rendered":"Home"},"content":{"rendered":"\n    \n    <section class=\"u-clearfix u-video u-video-cover u-section-2\" src=\"\" id=\"carousel_2658\">\n      <div style=\"\" class=\"u-background-video u-expanded u-video-cover\">\n        <div class=\"embed-responsive embed-responsive-1\">\n          <iframe style=\"position: absolute;top: 0;left: 0;width: 100%;height: 100%;\" class=\"embed-responsive-item\" src=\"https:\/\/www.youtube.com\/embed\/syT0QnVh0J4?playlist=syT0QnVh0J4&amp;loop=1&amp;mute=1&amp;showinfo=0&amp;controls=0&amp;start=0&amp;autoplay=1\" data-autoplay=\"1\" allowfullscreen=\"\" frameborder=\"0\"><\/iframe>\n        <\/div>\n      <\/div>\n      <div class=\"u-container-style u-group u-image u-opacity u-opacity-75 u-image-1\" style=\"background-image: url(&quot;https:\/\/muck-truck.pl\/wp-content\/uploads\/2020\/10\/tlo_intro2.png&quot;);\">\n        <div class=\"u-container-layout u-valign-top u-container-layout-1\">\n          <h1 class=\"u-text u-text-white u-title u-text-1\">Muck-Truck\u00ae:&nbsp;<br>Marka Nr 1 na \u015bwiecie<br>dla samojezdnych mini-wywrotek \n          <\/h1>\n          <p class=\"u-large-text u-text u-text-variant u-text-white u-text-2\">Za pomoc\u0105 Muck-Truck\u00ae przewieziesz 3x taki \u0142adunek, jak zwyk\u0142\u0105 taczk\u0105...<\/p>\n          <p class=\"u-large-text u-text u-text-variant u-text-white u-text-3\">Wszystkie produkty Muck-Truck\u00ae wytwarzane s\u0105 w najwy\u017cszej jako\u015bci i specyfikacji, ciesz\u0105 si\u0119 uznaniem na ca\u0142ym \u015bwiecie m.in. w sektorze budownictwa, architekturze krajobrazu, obiektach rekreacyjnych i parkach<\/p>\n          <a href=\"https:\/\/muck-truck.pl\/index.php\/kontakt\/\" class=\"u-active-palette-2-base u-border-radius-0 u-btn u-btn-rectangle u-button-style u-hover-custom-color-4 u-palette-2-base u-btn-1\">Zapytaj o Muck-Truck\u00ae<\/a>\n        <\/div>\n      <\/div>\n    <\/section>\n    <section class=\"u-align-center u-clearfix u-container-align-center u-white u-section-3\" id=\"sec-02bf\">\n      <div class=\"u-clearfix u-sheet u-sheet-1\">\n        <h2 class=\"u-align-center u-text u-text-palette-5-base u-text-1\">PIERWSI Z POMYS\u0141EM, PIERWSI Z PROJEKTEM<\/h2>\n        <div class=\"data-layout-selected u-clearfix u-expanded-width u-gutter-0 u-layout-wrap u-layout-wrap-1\">\n          <div class=\"u-gutter-0 u-layout\">\n            <div class=\"u-layout-row\">\n              <div class=\"u-align-center u-container-align-center u-container-style u-layout-cell u-left-cell u-size-15 u-layout-cell-1\">\n                <div class=\"u-container-layout u-valign-top u-container-layout-1\">\n                  <img decoding=\"async\" src=\"https:\/\/muck-truck.pl\/wp-content\/uploads\/2020\/10\/mucktruck_6cu_dumper.jpg\" alt=\"\" class=\"u-expanded-width u-image u-image-contain u-image-default u-image-1\">\n                  <h3 class=\"u-text u-text-palette-2-base u-text-2\">Muck-Truck\u00ae<br>wywrotka\/\u0142y\u017cka<br>250 kg \/ 170 l<br>\n                  <\/h3>\n                  <p class=\"u-text u-text-3\">Oryginalna mini-wywrotka Muck-Truck\u00ae mo\u017ce przewozi\u0107 250 kg\/ 170 l i wznosi\u0107 si\u0119 na pochy\u0142o\u015b\u0107 30\u00ba przy pe\u0142nym za\u0142adowaniu. To prawdziwy ko\u0144 roboczy, kt\u00f3ry zyskuje zaufanie i uznanie na ca\u0142ym \u015bwiecie. W ci\u0105g\u0142ej produkcji od 30 lat.<\/p>\n                  <a href=\"https:\/\/muck-truck.pl\/index.php\/muck-truck\/\" class=\"u-active-palette-2-base u-border-radius-0 u-btn u-btn-rectangle u-button-style u-hover-custom-color-4 u-palette-2-base u-btn-1\">Wi\u0119cej<\/a>\n                <\/div>\n              <\/div>\n              <div class=\"u-align-center-lg u-align-center-md u-align-center-sm u-align-center-xs u-container-style u-layout-cell u-size-15 u-layout-cell-2\">\n                <div class=\"u-container-layout u-valign-top u-container-layout-2\">\n                  <img decoding=\"async\" src=\"https:\/\/muck-truck.pl\/wp-content\/uploads\/2020\/10\/maxtruck.jpg\" alt=\"\" class=\"u-expanded-width u-image u-image-contain u-image-default u-image-2\">\n                  <h3 class=\"u-align-center-xl u-text u-text-palette-2-base u-text-4\">Max-Truck\u00ae<br>wywrotka\/\u0142y\u017cka<br>365 KG \/ 225 L \n                  <\/h3>\n                  <p class=\"u-align-center-xl u-text u-text-5\">Max-Truck&#x2122; jest najpopularniejszym modelem w wypo\u017cyczalniach, u architekt\u00f3w krajobrazu i budowniczych. Max-Truck&#x2122; jest zalecana ze wzgl\u0119d\u00f3w zdrowotnych i bezpiecze\u0144stwa, gdy\u017c zwi\u0119ksza produktywno\u015b\u0107 przy mniejszym zm\u0119czeniu operatora.<\/p>\n                  <a href=\"https:\/\/muck-truck.pl\/index.php\/max-truck\/\" class=\"u-active-palette-2-base u-border-radius-0 u-btn u-btn-rectangle u-button-style u-hover-custom-color-4 u-palette-2-base u-btn-2\">Wi\u0119cej<\/a>\n                <\/div>\n              <\/div>\n              <div class=\"u-align-center-lg u-align-center-xl u-container-style u-layout-cell u-size-15 u-layout-cell-3\">\n                <div class=\"u-container-layout u-valign-bottom-md u-valign-bottom-sm u-valign-bottom-xs u-valign-top-lg u-valign-top-xl u-container-layout-3\">\n                  <img decoding=\"async\" src=\"https:\/\/muck-truck.pl\/wp-content\/uploads\/2020\/10\/hmax.png\" alt=\"\" class=\"u-expanded-width u-image u-image-contain u-image-default u-image-3\">\n                  <h3 class=\"u-align-center-md u-align-center-sm u-align-center-xs u-text u-text-palette-2-base u-text-6\">H-Max&#x2122;<br>wywrotka\/\u0142y\u017cka<br>365 kg \/ 280 l<br>\n                  <\/h3>\n                  <p class=\"u-align-center-md u-align-center-sm u-align-center-xs u-text u-text-7\">H-Max&#x2122; zapewnia \u0142adowno\u015b\u0107 wi\u0119ksz\u0105 o 25% oraz dodatkowo nap\u0119dzany silnikiem przechy\u0142 \"hydrauliczny\" - ponad standard Max-Truck&#x2122;. Zbudowana z dodatkowym wzmocnieniem metalowym - wytrzymalszy dla dodatkowego \u0142adunku.<\/p>\n                  <a href=\"https:\/\/muck-truck.pl\/index.php\/h-max\/\" class=\"u-active-palette-2-base u-border-radius-0 u-btn u-btn-rectangle u-button-style u-hover-custom-color-4 u-palette-2-base u-btn-3\">Wi\u0119cej<\/a>\n                <\/div>\n              <\/div>\n              <div class=\"u-align-center-lg u-align-center-md u-align-center-xl u-container-style u-layout-cell u-right-cell u-size-15 u-layout-cell-4\">\n                <div class=\"u-container-layout u-valign-top-lg u-valign-top-md u-container-layout-4\">\n                  <img decoding=\"async\" class=\"u-expanded-width u-image u-image-contain u-image-4\" src=\"https:\/\/muck-truck.pl\/wp-content\/uploads\/2025\/03\/PB4WD-II-Side_298cd179dd39b053bc274b01f2569d63.png\" data-image-width=\"800\" data-image-height=\"600\">\n                  <h3 class=\"u-text u-text-palette-2-base u-text-8\">Power Barrow 4WD II&nbsp;<br>365 kg \n                  <\/h3>\n                  <p class=\"u-text u-text-9\">Nowa taczka z elektrycznym nap\u0119dem 4WD to najnowszy wynalazek Muck-Truck, kt\u00f3ry cechuje si\u0119 nap\u0119dem na cztery ko\u0142a, co czyni j\u0105 \u0142atw\u0105 w manewrowaniu, za\u015b miska przechyla si\u0119 automatycznie dotkni\u0119ciem przycisku.<\/p>\n                  <a href=\"https:\/\/muck-truck.pl\/index.php\/power-barrow-4wd-ii\/\" class=\"u-active-palette-2-base u-border-radius-0 u-btn u-btn-rectangle u-button-style u-hover-custom-color-4 u-palette-2-base u-btn-4\">Wi\u0119cej<\/a>\n                <\/div>\n              <\/div>\n            <\/div>\n          <\/div>\n        <\/div>\n      <\/div>\n    <\/section>\n    <section class=\"u-clearfix u-section-4\" id=\"sec-0bcc\">\n      <div class=\"u-clearfix u-sheet u-valign-middle u-sheet-1\">\n        <div class=\"u-clearfix u-expanded-width u-gutter-10 u-layout-wrap u-layout-wrap-1\">\n          <div class=\"u-gutter-0 u-layout\">\n            <div class=\"u-layout-row\">\n              <div class=\"u-align-left u-container-align-left u-container-style u-layout-cell u-left-cell u-size-38-lg u-size-38-xl u-size-41-md u-size-41-sm u-size-41-xs u-layout-cell-1\">\n                <div class=\"u-container-layout u-container-layout-1\">\n                  <h2 class=\"u-text u-text-1\">MUCK-TRUCK\u00ae:<br>MARKA NR 1 NA \u015aWIECIE<br>DLA SAMOJEZDNYCH mini-wywrotek \n                  <\/h2>\n                  <p class=\"u-text u-text-2\">Designed and built in the United Kingdom, The Muck-Truck\u00ae motorised wheelbarrow dumper delivers productivity benefits to the building\/hire and landscaping industry; it can carry three times the load of a conventional wheelbarrow and will easily and safely transport loads of up to one quarter of a ton.&nbsp;<br>\n                    <br>A commercial grade 5.5hp Honda engine powers four-wheel drive ensuring maximum traction when moving loads on wet and uneven ground as well as inclines a conventional wheelbarrow just couldn\u2019t handle.&nbsp;<br>\n                    <br>A Muck-Truck\u00ae will pay for itself in a matter of months (vs equipment rental fees), is easy to maintain and extremely versatile. Interchangeable accessories can be swapped in a matter of seconds allowing this motorised wheelbarrow to become a towing machine, a vacuum for horse manure, leaves, etc. It even has a flat bed attachment to carry heavy and awkward items such as paving slabs. \n                  <\/p>\n                  <img decoding=\"async\" src=\"https:\/\/muck-truck.pl\/wp-content\/uploads\/2020\/10\/pieczatka_generalny-01.png\" alt=\"\" class=\"u-image u-image-default u-preserve-proportions u-image-1\" data-image-width=\"279\" data-image-height=\"281\">\n                <\/div>\n              <\/div>\n              <div class=\"u-container-style u-image u-image-contain u-layout-cell u-right-cell u-size-19-md u-size-19-sm u-size-19-xs u-size-22-lg u-size-22-xl u-image-2\" style=\"background-image: url(&quot;https:\/\/muck-truck.pl\/wp-content\/uploads\/2020\/10\/powered_by_honda1.jpg&quot;);\">\n                <div class=\"u-container-layout u-container-layout-2\"><\/div>\n              <\/div>\n            <\/div>\n          <\/div>\n        <\/div>\n      <\/div>\n    <\/section>\n    \n    \n    \n    \n  \n","protected":false},"excerpt":{"rendered":"<p>Muck-Truck\u00ae:&nbsp;Marka Nr 1 na \u015bwieciedla samojezdnych mini-wywrotek Za pomoc\u0105 Muck-Truck\u00ae przewieziesz 3x taki \u0142adunek, jak zwyk\u0142\u0105 taczk\u0105&#8230; Wszystkie produkty Muck-Truck\u00ae wytwarzane s\u0105 w najwy\u017cszej jako\u015bci i specyfikacji, ciesz\u0105 si\u0119 uznaniem na ca\u0142ym \u015bwiecie m.in. w sektorze budownictwa, architekturze krajobrazu, obiektach rekreacyjnych i parkach Zapytaj o Muck-Truck\u00ae PIERWSI Z POMYS\u0141EM, PIERWSI Z PROJEKTEM Muck-Truck\u00aewywrotka\/\u0142y\u017cka250 kg \/ &hellip; <a href=\"https:\/\/muck-truck.pl\/\" class=\"more-link\">Continue reading<span class=\"screen-reader-text\"> &#8222;Home&#8221;<\/span><\/a><\/p>\n","protected":false},"author":1,"featured_media":0,"parent":0,"menu_order":18,"comment_status":"closed","ping_status":"closed","template":"","meta":{"footnotes":""},"class_list":["post-90","page","type-page","status-publish","hentry"],"_links":{"self":[{"href":"https:\/\/muck-truck.pl\/index.php\/wp-json\/wp\/v2\/pages\/90","targetHints":{"allow":["GET"]}}],"collection":[{"href":"https:\/\/muck-truck.pl\/index.php\/wp-json\/wp\/v2\/pages"}],"about":[{"href":"https:\/\/muck-truck.pl\/index.php\/wp-json\/wp\/v2\/types\/page"}],"author":[{"embeddable":true,"href":"https:\/\/muck-truck.pl\/index.php\/wp-json\/wp\/v2\/users\/1"}],"replies":[{"embeddable":true,"href":"https:\/\/muck-truck.pl\/index.php\/wp-json\/wp\/v2\/comments?post=90"}],"version-history":[{"count":5,"href":"https:\/\/muck-truck.pl\/index.php\/wp-json\/wp\/v2\/pages\/90\/revisions"}],"predecessor-version":[{"id":2071,"href":"https:\/\/muck-truck.pl\/index.php\/wp-json\/wp\/v2\/pages\/90\/revisions\/2071"}],"wp:attachment":[{"href":"https:\/\/muck-truck.pl\/index.php\/wp-json\/wp\/v2\/media?parent=90"}],"curies":[{"name":"wp","href":"https:\/\/api.w.org\/{rel}","templated":true}]}}