{"id":87,"date":"2020-10-01T11:27:20","date_gmt":"2020-10-01T09:27:20","guid":{"rendered":"http:\/\/muck-truck.pl\/index.php\/akcesoria\/"},"modified":"2020-10-01T11:51:41","modified_gmt":"2020-10-01T09:51:41","slug":"akcesoria","status":"publish","type":"page","link":"https:\/\/muck-truck.pl\/index.php\/akcesoria\/","title":{"rendered":"Akcesoria"},"content":{"rendered":"\n  \n    <section class=\"u-clearfix u-custom-color-6 u-section-1\" id=\"sec-510b\">\n      <div class=\"u-clearfix u-sheet u-sheet-1\">\n        <h1 class=\"u-heading-font u-text u-text-palette-5-base u-title u-text-1\">Akcesoria <\/h1>\n        <h2 class=\"u-heading-font u-subtitle u-text u-text-white u-text-2\">Ultraszybkie mocowanie akcesori\u00f3w do Twojej Muck-Truck\u00ae <\/h2>\n      <\/div>\n    <\/section>\n    <section class=\"u-clearfix u-section-2\" id=\"sec-33dc\">\n      <div class=\"u-clearfix u-sheet u-sheet-1\">\n        <div class=\"u-clearfix u-expanded-width u-layout-wrap u-layout-wrap-1\">\n          <div class=\"u-layout\">\n            <div class=\"u-layout-row\">\n              <div class=\"u-container-style u-layout-cell u-left-cell u-size-20 u-layout-cell-1\">\n                <div class=\"u-container-layout u-valign-top u-container-layout-1\">\n                  <img decoding=\"async\" src=\"http:\/\/muck-truck.pl\/wp-content\/uploads\/2020\/10\/platforma.jpg\" alt=\"\" class=\"u-expanded-width u-image u-image-contain u-image-default u-image-1\" data-image-width=\"800\" data-image-height=\"600\">\n                  <h2 class=\"u-text u-text-palette-2-base u-text-1\">Platforma Muck-Truck\u00ae<\/h2>\n                  <p class=\"u-align-justify u-text u-text-default u-text-2\">Najpopularniejszy sprz\u0119t dla architekt\u00f3w krajobrazu i ogrodnik\u00f3w; platforma Muck-Truck\u00ae jest idealna dla wszystkich \u0142adunk\u00f3w, kt\u00f3rych nie da si\u0119 \u0142atwo przewozi\u0107 zwyk\u0142\u0105 wywrotk\u0105. Platforma Muck-Truck\u00ae jest osadzona nad ko\u0142ami, tak wi\u0119c \u0142adunki \"nadwymiarowe\", jak donice, kraw\u0119\u017cniki, worki piasku\/cementu\/kompostu, rury melioracyjne lub ornamenty mog\u0105 by\u0107 z \u0142atwo\u015bci\u0105 transportowane.<\/p>\n                  <div class=\"u-expanded-width u-table u-table-responsive u-table-1\">\n                    <table class=\"u-table-entity\">\n                      <colgroup>\n                        <col width=\"4%\">\n                        <col width=\"96%\">\n                      <\/colgroup>\n                      <tbody class=\"u-table-body u-table-body-1\">\n                        <tr style=\"height: 42px;\">\n                          <td class=\"u-align-right u-table-cell\"><b>Wymiary:<\/b>\n                          <\/td>\n                          <td class=\"u-table-cell\">(Sz.) 600 mm (23,6\")<br>(D\u0142.) 600 mm (23,6\")<br>(W.) 600 mm (23,6\")\n                          <\/td>\n                        <\/tr>\n                        <tr style=\"height: 28px;\">\n                          <td class=\"u-align-right u-table-cell\"><b>Waga:<\/b>\n                          <\/td>\n                          <td class=\"u-table-cell\">25kg<\/td>\n                        <\/tr>\n                        <tr style=\"height: 26px;\">\n                          <td class=\"u-align-right u-table-cell\"><b>\u0141adowno\u015b\u0107:<\/b>\n                          <\/td>\n                          <td class=\"u-table-cell\">250 kg (1\/4 tony)<\/td>\n                        <\/tr>\n                      <\/tbody>\n                    <\/table>\n                  <\/div>\n                <\/div>\n              <\/div>\n              <div class=\"u-container-style u-layout-cell u-left-cell u-size-20 u-layout-cell-2\">\n                <div class=\"u-container-layout u-valign-top u-container-layout-2\">\n                  <img decoding=\"async\" src=\"http:\/\/muck-truck.pl\/wp-content\/uploads\/2020\/10\/platforma_hmax.jpg\" alt=\"\" class=\"u-expanded-width u-image u-image-contain u-image-default u-image-2\">\n                  <h2 class=\"u-text u-text-palette-2-base u-text-3\">Platforma H-Max\u00ae<\/h2>\n                  <p class=\"u-align-justify u-text u-text-default u-text-4\">Platforma H-Max dzia\u0142a w ten samo spos\u00f3b, co nasza standardowa platforma Muck Truck. <br>\n                    <br>Idealna do wszystkich tych uci\u0105\u017cliwych \u0142adunk\u00f3w, kt\u00f3rych nie da si\u0119 \u0142atwo przewozi\u0107 wywrotk\u0105 uniwersaln\u0105. <br>\n                    <br>Platforma H-Max jest osadzona nad ko\u0142ami, tak wi\u0119c \u0142adunki \"nadwymiarowe\", jak donice, kraw\u0119\u017cniki, worki piasku\/cementu\/kompostu, rury melioracyjne lub ornamenty mog\u0105 by\u0107 z \u0142atwo\u015bci\u0105 transportowane.\n                  <\/p>\n                  <div class=\"u-expanded-width u-table u-table-responsive u-table-2\">\n                    <table class=\"u-table-entity\">\n                      <colgroup>\n                        <col width=\"4%\">\n                        <col width=\"96%\">\n                      <\/colgroup>\n                      <tbody class=\"u-table-body u-table-body-2\">\n                        <tr style=\"height: 42px;\">\n                          <td class=\"u-align-right u-table-cell\"><b>Wymiary:<\/b>\n                          <\/td>\n                          <td class=\"u-table-cell\">W. 85,7 cm<br>Sz. 61 cm<br>W. 91,5 cm\n                          <\/td>\n                        <\/tr>\n                        <tr style=\"height: 28px;\">\n                          <td class=\"u-align-right u-table-cell\"><b>Waga:<\/b>\n                          <\/td>\n                          <td class=\"u-table-cell\">38,5kg<\/td>\n                        <\/tr>\n                        <tr style=\"height: 26px;\">\n                          <td class=\"u-align-right u-table-cell\"><b>\u0141adowno\u015b\u0107:<\/b>\n                          <\/td>\n                          <td class=\"u-table-cell\">450 kg<\/td>\n                        <\/tr>\n                      <\/tbody>\n                    <\/table>\n                  <\/div>\n                <\/div>\n              <\/div>\n              <div class=\"u-container-style u-layout-cell u-left-cell u-size-20 u-layout-cell-3\">\n                <div class=\"u-container-layout u-valign-top u-container-layout-3\">\n                  <img decoding=\"async\" src=\"http:\/\/muck-truck.pl\/wp-content\/uploads\/2020\/10\/rampa.jpg\" alt=\"\" class=\"u-expanded-width u-image u-image-contain u-image-default u-image-3\">\n                  <h2 class=\"u-text u-text-palette-2-base u-text-5\">Rampa za\u0142adowcza Muck-Truck\u00ae<\/h2>\n                  <p class=\"u-align-justify u-text u-text-default u-text-6\">Konieczne wyposa\u017cenie dla budowniczych. Rampa za\u0142adowcza Muck-Truck\u00ae o mocnej konstrukcji z\u0142o\u017conej z sekcji 2 x 5 st\u00f3p, umo\u017cliwia za\u0142adunek i roz\u0142adunek na auto dostawcze. \u0141atwy monta\u017c na miejscu przez jedn\u0105 osob\u0119. Rampa sk\u0142adana na p\u0142asko dla \u0142atwego monta\u017cu. Muck-Truck\u00ae osiada starannie i bezpiecznie na szczycie rampy na szeroko\u015b\u0107 standardowego samochodu dostawczego.<\/p>\n                  <div class=\"u-expanded-width u-table u-table-responsive u-table-3\">\n                    <table class=\"u-table-entity\">\n                      <colgroup>\n                        <col width=\"4%\">\n                        <col width=\"96%\">\n                      <\/colgroup>\n                      <tbody class=\"u-table-body u-table-body-3\">\n                        <tr style=\"height: 42px;\">\n                          <td class=\"u-align-right u-table-cell\"><b>Wymiary:<\/b>\n                          <\/td>\n                          <td class=\"u-table-cell\">(D\u0142.) 152 cm x2<br>(Sz.) 78 cm (W.)\n                          <\/td>\n                        <\/tr>\n                        <tr style=\"height: 28px;\">\n                          <td class=\"u-align-right u-table-cell\"><b>Waga:<\/b>\n                          <\/td>\n                          <td class=\"u-table-cell\">95 kg<\/td>\n                        <\/tr>\n                      <\/tbody>\n                    <\/table>\n                  <\/div>\n                <\/div>\n              <\/div>\n            <\/div>\n          <\/div>\n        <\/div>\n      <\/div>\n    <\/section>\n    <section class=\"u-clearfix u-section-3\" id=\"carousel_43e4\">\n      <div class=\"u-clearfix u-sheet u-sheet-1\">\n        <div class=\"u-clearfix u-layout-wrap u-layout-wrap-1\">\n          <div class=\"u-layout\">\n            <div class=\"u-layout-row\">\n              <div class=\"u-container-style u-layout-cell u-left-cell u-size-20 u-layout-cell-1\">\n                <div class=\"u-container-layout u-valign-top-lg u-valign-top-md u-valign-top-xl u-container-layout-1\">\n                  <img decoding=\"async\" src=\"http:\/\/muck-truck.pl\/wp-content\/uploads\/2020\/10\/podwyzszenie.jpg\" alt=\"\" class=\"u-expanded-width u-image u-image-contain u-image-default u-image-1\">\n                  <h2 class=\"u-text u-text-palette-2-base u-text-1\">Podwy\u017cszenie Muck-Truck\u00ae<\/h2>\n                  <p class=\"u-align-justify u-text u-text-default u-text-2\">Podwy\u017cszenie Muck-Truck\u00ae s\u0105 popularne w\u015br\u00f3d ogrodnik\u00f3w, architekt\u00f3w krajobrazu i w o\u015brodkach je\u017adzieckich. Dodatkowe rozszerzenia boczne pasuj\u0105 do standardowego Muck-Truck\u00ae i dostarczaj\u0105 o 30% wi\u0119ksz\u0105 \u0142adowno\u015b\u0107 na \u0142adunki luzem, jak kompost, obornik, rozdrobnion\u0105 kor\u0119, \u015bcinki \u017cywop\u0142otu, polana, itd. <br>\n                    <br>Kompatybilne z Muck-Truck\u00ae, Max-Truck\u2122 i E-Truck\u00ae.\n                  <\/p>\n                  <div class=\"u-expanded-width u-table u-table-responsive u-table-1\">\n                    <table class=\"u-table-entity\">\n                      <colgroup>\n                        <col width=\"4%\">\n                        <col width=\"96%\">\n                      <\/colgroup>\n                      <tbody class=\"u-table-body u-table-body-1\">\n                        <tr style=\"height: 42px;\">\n                          <td class=\"u-align-right u-table-cell\"><b>Wymiary:<\/b>\n                          <\/td>\n                          <td class=\"u-table-cell\">(W.) 300mm (11,8\u201d)<\/td>\n                        <\/tr>\n                        <tr style=\"height: 28px;\">\n                          <td class=\"u-align-right u-table-cell\"><b>Waga:<\/b>\n                          <\/td>\n                          <td class=\"u-table-cell\">25kg<\/td>\n                        <\/tr>\n                        <tr style=\"height: 26px;\">\n                          <td class=\"u-align-right u-table-cell\"><b>\u0141adowno\u015b\u0107:<\/b>\n                          <\/td>\n                          <td class=\"u-table-cell\">Zwi\u0119ksza obj\u0119to\u015b\u0107 o 30%<\/td>\n                        <\/tr>\n                      <\/tbody>\n                    <\/table>\n                  <\/div>\n                <\/div>\n              <\/div>\n              <div class=\"u-container-style u-layout-cell u-left-cell u-size-20 u-layout-cell-2\">\n                <div class=\"u-container-layout u-valign-top u-container-layout-2\">\n                  <img decoding=\"async\" src=\"http:\/\/muck-truck.pl\/wp-content\/uploads\/2020\/10\/hak.jpg\" alt=\"\" class=\"u-expanded-width u-image u-image-contain u-image-default u-image-2\">\n                  <h2 class=\"u-text u-text-palette-2-base u-text-3\">Hak kulowy Muck-Truck\u00ae<\/h2>\n                  <p class=\"u-align-justify u-text u-text-default u-text-4\">Hak kulowy  Muck-Truck\u00ae mo\u017ce by\u0107 \u0142atwo mocowany do mini-wywrotki, kt\u00f3ra mo\u017ce by\u0107 wykorzystywana do przyczep, przyczep kempingowych i \u0142odzi. Mo\u017ce holowa\u0107 i ci\u0105gn\u0105\u0107 przyczep\u0119 do 2,5 tony wagowo z zapewnieniem utrzymania si\u0142y trakcyjnej na powierzchni. \u0141atwo\u015b\u0107 manewrowania i du\u017ca si\u0142a.<\/p>\n                  <div class=\"u-expanded-width u-table u-table-responsive u-table-2\">\n                    <table class=\"u-table-entity\">\n                      <colgroup>\n                        <col width=\"4%\">\n                        <col width=\"96%\">\n                      <\/colgroup>\n                      <tbody class=\"u-table-body u-table-body-2\">\n                        <tr style=\"height: 28px;\">\n                          <td class=\"u-align-right u-table-cell\"><b>Waga:<\/b>\n                          <\/td>\n                          <td class=\"u-table-cell\">5kg<\/td>\n                        <\/tr>\n                        <tr style=\"height: 26px;\">\n                          <td class=\"u-align-right u-table-cell\"><b>\u0141adowno\u015b\u0107:<\/b>\n                          <\/td>\n                          <td class=\"u-table-cell\">Holuje i ci\u0105gnie przyczep\u0119 do 2,5 tony<\/td>\n                        <\/tr>\n                      <\/tbody>\n                    <\/table>\n                  <\/div>\n                <\/div>\n              <\/div>\n              <div class=\"u-container-style u-layout-cell u-left-cell u-size-20 u-layout-cell-3\">\n                <div class=\"u-container-layout u-valign-top u-container-layout-3\">\n                  <img decoding=\"async\" src=\"http:\/\/muck-truck.pl\/wp-content\/uploads\/2020\/10\/odkurzacz.jpg\" alt=\"\" class=\"u-expanded-width u-image u-image-contain u-image-default u-image-3\">\n                  <h2 class=\"u-text u-text-palette-2-base u-text-5\">Ssawa Muck-Truck\u00ae<\/h2>\n                  <p class=\"u-align-justify u-text u-text-default u-text-6\">Ssawa Muck-Truck\u00ae jest \u0142atwa w obs\u0142udze i uruchomieniu, silnik benzynowy Kawasaki wytwarza podci\u015bnienie w zbiorniku, co daje silne ssanie przez w\u0105\u017c 5\". Zbiornik o pojemno\u015bci 35 litr\u00f3w jest wytwarzany z twardego plastiku du\u017cej g\u0119sto\u015bci, \u0142atwo opr\u00f3\u017cnia si\u0119 przez zgi\u0119cie pokrywki do g\u00f3ry i jej zablokowanie w pozycji. Ssawa Muck-Truck\u00ae mo\u017ce by\u0107 u\u017cywana do zbierania nawozu ko\u0144skiego, li\u015bci, szcz\u0105tk\u00f3w, wody i innych odpad\u00f3w.<\/p>\n                  <div class=\"u-expanded-width u-table u-table-responsive u-table-3\">\n                    <table class=\"u-table-entity\">\n                      <colgroup>\n                        <col width=\"4%\">\n                        <col width=\"96%\">\n                      <\/colgroup>\n                      <tbody class=\"u-table-body u-table-body-3\">\n                        <tr style=\"height: 31px;\">\n                          <td class=\"u-align-right u-table-cell\"><b>Wymiary:<\/b>\n                          <\/td>\n                          <td class=\"u-table-cell\">(D\u0142.) 3000mm (G\u0142.) 5\"<\/td>\n                        <\/tr>\n                        <tr style=\"height: 28px;\">\n                          <td class=\"u-align-right u-table-cell\"><b>Waga:<\/b>\n                          <\/td>\n                          <td class=\"u-table-cell\">350 l<\/td>\n                        <\/tr>\n                        <tr style=\"height: 39px;\">\n                          <td class=\"u-align-right u-table-cell\"><b>Uwagi:<\/b>\n                          <\/td>\n                          <td class=\"u-table-cell\">Odlewana ko\u0144c\u00f3wka plastykowa w\u0119\u017ca, 4-suwowy silnik Honda, 50 ccm<\/td>\n                        <\/tr>\n                      <\/tbody>\n                    <\/table>\n                  <\/div>\n                <\/div>\n              <\/div>\n            <\/div>\n          <\/div>\n        <\/div>\n      <\/div>\n    <\/section>\n    <section class=\"u-clearfix u-section-4\" id=\"carousel_059a\">\n      <div class=\"u-clearfix u-sheet u-sheet-1\">\n        <div class=\"u-clearfix u-expanded-width u-layout-wrap u-layout-wrap-1\">\n          <div class=\"u-layout\">\n            <div class=\"u-layout-row\">\n              <div class=\"u-container-style u-layout-cell u-left-cell u-size-20 u-layout-cell-1\">\n                <div class=\"u-container-layout u-valign-top u-container-layout-1\">\n                  <img decoding=\"async\" src=\"http:\/\/muck-truck.pl\/wp-content\/uploads\/2020\/10\/odsniezarka.jpg\" alt=\"\" class=\"u-expanded-width u-image u-image-contain u-image-default u-image-1\">\n                  <h2 class=\"u-text u-text-palette-2-base u-text-1\"><b>P\u0142ug \u015bnie\u017cny Muck-Truck\u00ae<\/b>\n                  <\/h2>\n                  <p class=\"u-align-justify u-text u-text-default u-text-2\">&nbsp;P\u0142ug \u015bnie\u017cny <b>Muck-Truck\u00ae<\/b> jest \u0142atwy w mocowaniu na\nprzodzie miski. Idealny do usuwania \u015bniegu z chodnik\u00f3w itp., u\u017cycia\nna farmach do usuwania b\u0142ota, nawet do plantowania. Ostrze mo\u017ce by\u0107\npodnoszone i ustawiane k\u0105towo dla manewrowania i usuwania \u015bniegu w\n\u017c\u0105danym kierunku.&nbsp; &nbsp;\n                  <\/p>\n                  <div class=\"u-expanded-width u-table u-table-responsive u-table-1\">\n                    <table class=\"u-table-entity\">\n                      <colgroup>\n                        <col width=\"4%\">\n                        <col width=\"96%\">\n                      <\/colgroup>\n                      <tbody class=\"u-table-body u-table-body-1\">\n                        <tr style=\"height: 42px;\">\n                          <td class=\"u-align-right u-table-cell\"><b>Wymiary:<\/b>\n                          <\/td>\n                          <td class=\"u-table-cell\">(Sz.) 1220 mm <\/td>\n                        <\/tr>\n                        <tr style=\"height: 28px;\">\n                          <td class=\"u-align-right u-table-cell\"><b>Waga:<\/b>\n                          <\/td>\n                          <td class=\"u-table-cell\"> 35kg <\/td>\n                        <\/tr>\n                      <\/tbody>\n                    <\/table>\n                  <\/div>\n                <\/div>\n              <\/div>\n              <div class=\"u-container-style u-layout-cell u-left-cell u-size-20 u-layout-cell-2\">\n                <div class=\"u-container-layout u-container-layout-2\"><\/div>\n              <\/div>\n              <div class=\"u-container-style u-layout-cell u-left-cell u-size-20 u-layout-cell-3\">\n                <div class=\"u-container-layout u-container-layout-3\"><\/div>\n              <\/div>\n            <\/div>\n          <\/div>\n        <\/div>\n      <\/div>\n    <\/section>\n    \n    \n    \n  \n","protected":false},"excerpt":{"rendered":"<p>Akcesoria Ultraszybkie mocowanie akcesori\u00f3w do Twojej Muck-Truck\u00ae Platforma Muck-Truck\u00ae Najpopularniejszy sprz\u0119t dla architekt\u00f3w krajobrazu i ogrodnik\u00f3w; platforma Muck-Truck\u00ae jest idealna dla wszystkich \u0142adunk\u00f3w, kt\u00f3rych nie da si\u0119 \u0142atwo przewozi\u0107 zwyk\u0142\u0105 wywrotk\u0105. Platforma Muck-Truck\u00ae jest osadzona nad ko\u0142ami, tak wi\u0119c \u0142adunki &#8222;nadwymiarowe&#8221;, jak donice, kraw\u0119\u017cniki, worki piasku\/cementu\/kompostu, rury melioracyjne lub ornamenty mog\u0105 by\u0107 z \u0142atwo\u015bci\u0105 transportowane. &hellip; <a href=\"https:\/\/muck-truck.pl\/index.php\/akcesoria\/\" class=\"more-link\">Continue reading<span class=\"screen-reader-text\"> &#8222;Akcesoria&#8221;<\/span><\/a><\/p>\n","protected":false},"author":1,"featured_media":0,"parent":0,"menu_order":15,"comment_status":"closed","ping_status":"closed","template":"","meta":{"footnotes":""},"class_list":["post-87","page","type-page","status-publish","hentry"],"_links":{"self":[{"href":"https:\/\/muck-truck.pl\/index.php\/wp-json\/wp\/v2\/pages\/87","targetHints":{"allow":["GET"]}}],"collection":[{"href":"https:\/\/muck-truck.pl\/index.php\/wp-json\/wp\/v2\/pages"}],"about":[{"href":"https:\/\/muck-truck.pl\/index.php\/wp-json\/wp\/v2\/types\/page"}],"author":[{"embeddable":true,"href":"https:\/\/muck-truck.pl\/index.php\/wp-json\/wp\/v2\/users\/1"}],"replies":[{"embeddable":true,"href":"https:\/\/muck-truck.pl\/index.php\/wp-json\/wp\/v2\/comments?post=87"}],"version-history":[{"count":2,"href":"https:\/\/muck-truck.pl\/index.php\/wp-json\/wp\/v2\/pages\/87\/revisions"}],"predecessor-version":[{"id":204,"href":"https:\/\/muck-truck.pl\/index.php\/wp-json\/wp\/v2\/pages\/87\/revisions\/204"}],"wp:attachment":[{"href":"https:\/\/muck-truck.pl\/index.php\/wp-json\/wp\/v2\/media?parent=87"}],"curies":[{"name":"wp","href":"https:\/\/api.w.org\/{rel}","templated":true}]}}