{"id":86,"date":"2020-10-01T11:27:19","date_gmt":"2020-10-01T09:27:19","guid":{"rendered":"http:\/\/muck-truck.pl\/index.php\/o-firmie\/"},"modified":"2020-10-01T11:51:37","modified_gmt":"2020-10-01T09:51:37","slug":"o-firmie","status":"publish","type":"page","link":"https:\/\/muck-truck.pl\/index.php\/o-firmie\/","title":{"rendered":"O firmie"},"content":{"rendered":"\n  \n    <section class=\"u-clearfix u-custom-color-6 u-section-1\" id=\"sec-510b\">\n      <div class=\"u-clearfix u-sheet u-sheet-1\">\n        <h1 class=\"u-heading-font u-text u-text-palette-5-base u-title u-text-1\">O firmie<\/h1>\n        <h2 class=\"u-heading-font u-subtitle u-text u-text-white u-text-2\">Dowied\u017a si\u0119 wi\u0119cej o&nbsp;Muck-Truck\u00ae<\/h2>\n      <\/div>\n    <\/section>\n    <section class=\"u-clearfix u-section-2\" id=\"sec-5123\">\n      <div class=\"u-clearfix u-sheet u-valign-middle u-sheet-1\">\n        <h2 class=\"u-text u-text-palette-5-base u-text-1\">Pionierska koncepcja - pionierski projekt<\/h2>\n        <div class=\"u-clearfix u-expanded-width u-gutter-10 u-layout-wrap u-layout-wrap-1\">\n          <div class=\"u-gutter-0 u-layout\">\n            <div class=\"u-layout-col\">\n              <div class=\"u-size-30\">\n                <div class=\"u-layout-row\">\n                  <div class=\"u-align-left u-container-style u-layout-cell u-left-cell u-size-30 u-layout-cell-1\">\n                    <div class=\"u-container-layout u-valign-top u-container-layout-1\">\n                      <p class=\"u-text u-text-palette-5-base u-text-2\">Koncepcja samojezdnych taczek powsta\u0142a wtedy, gdy Terry Rowlands (w\u0142a\u015bciciel i projektant) zaprojektowa\u0142 system hydraulicznego przechy\u0142u dla pierwszej mini-wywrotki wprowadzonej na rynek brytyjski przez firm\u0119 Honda. W\u00f3zek z nap\u0119dem <br>\n                        <br>Honda HP400 by\u0142 sprzedawany przez istniej\u0105c\u0105 sie\u0107, za\u015b koncepcja mini-wywrotek znalaz\u0142a zastosowanie w przemy\u015ble obok mini-koparek. <br>\n                        <br>Rodzina zawsze by\u0142a bardzo aktywna w zakresie projektowania i wytwarzania, uruchomi\u0142a firm\u0119 w 1985 roku z partnerami, Rogerem i Christine Dee powr\u00f3ciwszy do UK po tym, jak sp\u0119dzili trzy lata na projektowaniu, wytwarzaniu i marketingu produkt\u00f3w w USA.<br>\n                        <br>Wkr\u00f3tce u\u015bwiadomili sobie potrzeb\u0119 l\u017cejszej, p\u0142ynnie dzia\u0142aj\u0105cej, szybszej i ta\u0144szej mini-wywrotki, dost\u0119pnej na rynku, st\u0105d Terry Rowlands opracowa\u0142 w 1986 pierwsz\u0105 taczk\u0119 z nap\u0119dem (Bizzy).<br>\n                      <\/p>\n                    <\/div>\n                  <\/div>\n                  <div class=\"u-container-style u-layout-cell u-right-cell u-size-30 u-layout-cell-2\">\n                    <div class=\"u-container-layout u-container-layout-2\">\n                      <p class=\"u-text u-text-palette-5-base u-text-3\">Pierwsze urz\u0105dzenie mia\u0142o tylko dwa przednie ko\u0142a nap\u0119dowe i musia\u0142o by\u0107 podtrzymywane przez operatora. Jakkolwiek dzia\u0142a\u0142o ca\u0142kiem dobrze, z pewno\u015bci\u0105 nie by\u0142o tak przyjazne dla u\u017cytkownika, jako obecna mini-wywrotka, nie by\u0142o to na d\u0142ugo przed zaprojektowaniem pierwszych taczek nap\u0119dzanych przez operatora (mini-wywrotka). <br>\n                        <br>Od 1993 Muck-Truck\u00ae ewoluowa\u0142y, by sta\u0107 si\u0119 najpopularniejsz\u0105 na \u015bwiecie mini-wywrotk\u0105 obs\u0142ugiwan\u0105 przez operatora. Muck-Truck\u00ae odnosi sukces, a tajemnica tego tkwi w sta\u0142ych badaniach, rozwoju i ws\u0142uchiwaniu si\u0119 w opinie klient\u00f3w. <br>Najszersza oferty najbardziej niezawodnych maszyn w przemy\u015ble powoduje, \u017ce firma Muck-Truck\u00ae jest od 30 lat \u015bwiatowym liderem w sektorze taczek samojezdnych.\n                      <\/p>\n                    <\/div>\n                  <\/div>\n                <\/div>\n              <\/div>\n              <div class=\"u-size-30\">\n                <div class=\"u-layout-col\">\n                  <div class=\"u-container-style u-image u-layout-cell u-left-cell u-right-cell u-size-60 u-image-1\">\n                    <div class=\"u-container-layout u-container-layout-3\"><\/div>\n                  <\/div>\n                <\/div>\n              <\/div>\n            <\/div>\n          <\/div>\n        <\/div>\n      <\/div>\n    <\/section>\n    <section class=\"u-align-center u-clearfix u-white u-section-3\" id=\"sec-e80f\">\n      <div class=\"u-clearfix u-sheet u-sheet-1\">\n        <h2 class=\"u-align-center u-text u-text-palette-5-base u-text-1\">PIERWSI Z POMYS\u0141EM, PIERWSI Z PROJEKTEM<\/h2>\n        <div class=\"u-clearfix u-expanded-width u-gutter-0 u-layout-wrap u-layout-wrap-1\">\n          <div class=\"u-gutter-0 u-layout\">\n            <div class=\"u-layout-row\">\n              <div class=\"u-align-center u-container-style u-layout-cell u-left-cell u-size-12 u-size-20-md u-layout-cell-1\">\n                <div class=\"u-container-layout u-valign-top u-container-layout-1\">\n                  <img decoding=\"async\" src=\"http:\/\/muck-truck.pl\/wp-content\/uploads\/2020\/10\/mucktruck_6cu_dumper.jpg\" alt=\"\" class=\"u-expanded-width u-image u-image-contain u-image-default u-image-1\">\n                  <h3 class=\"u-text u-text-palette-2-base u-text-2\">Muck-Truck\u00ae<br>wywrotka\/\u0142y\u017cka<br>250 kg \/ 170 l<br>\n                  <\/h3>\n                  <p class=\"u-text u-text-3\">Oryginalna mini-wywrotka Muck-Truck\u00ae mo\u017ce przewozi\u0107 250 kg\/ 170 l i wznosi\u0107 si\u0119 na pochy\u0142o\u015b\u0107 30\u00ba przy pe\u0142nym za\u0142adowaniu. To prawdziwy ko\u0144 roboczy, kt\u00f3ry zyskuje zaufanie i uznanie na ca\u0142ym \u015bwiecie. W ci\u0105g\u0142ej produkcji od 30 lat.<\/p>\n                  <a href=\"http:\/\/muck-truck.pl\/index.php\/muck-truck\/\" class=\"u-active-palette-2-base u-border-radius-0 u-btn u-btn-rectangle u-button-style u-hover-custom-color-4 u-palette-2-base u-btn-1\">Wi\u0119cej<\/a>\n                <\/div>\n              <\/div>\n              <div class=\"u-align-center-lg u-align-center-md u-align-center-sm u-align-center-xs u-container-style u-layout-cell u-size-12 u-size-20-md u-layout-cell-2\">\n                <div class=\"u-container-layout u-valign-top u-container-layout-2\">\n                  <img decoding=\"async\" src=\"http:\/\/muck-truck.pl\/wp-content\/uploads\/2020\/10\/maxtruck.jpg\" alt=\"\" class=\"u-expanded-width u-image u-image-contain u-image-default u-image-2\">\n                  <h3 class=\"u-align-center-xl u-text u-text-palette-2-base u-text-4\">Max-Truck\u00ae<br>wywrotka\/\u0142y\u017cka<br>365 KG \/ 225 L\n                  <\/h3>\n                  <p class=\"u-align-center-xl u-text u-text-5\">Max-Truck\u2122 jest najpopularniejszym modelem w wypo\u017cyczalniach, u architekt\u00f3w krajobrazu i budowniczych. Max-Truck\u2122 jest zalecana ze wzgl\u0119d\u00f3w zdrowotnych i bezpiecze\u0144stwa, gdy\u017c zwi\u0119ksza produktywno\u015b\u0107 przy mniejszym zm\u0119czeniu operatora.<\/p>\n                  <a href=\"http:\/\/muck-truck.pl\/index.php\/max-truck\/\" class=\"u-active-palette-2-base u-border-radius-0 u-btn u-btn-rectangle u-button-style u-hover-custom-color-4 u-palette-2-base u-btn-2\">Wi\u0119cej<\/a>\n                <\/div>\n              <\/div>\n              <div class=\"u-align-center-lg u-align-center-xl u-container-style u-layout-cell u-size-12 u-size-20-md u-layout-cell-3\">\n                <div class=\"u-container-layout u-valign-bottom-md u-valign-bottom-sm u-valign-bottom-xs u-valign-top-lg u-valign-top-xl u-container-layout-3\">\n                  <img decoding=\"async\" src=\"http:\/\/muck-truck.pl\/wp-content\/uploads\/2020\/10\/hmax.png\" alt=\"\" class=\"u-expanded-width u-image u-image-contain u-image-default u-image-3\">\n                  <h3 class=\"u-align-center-md u-align-center-sm u-align-center-xs u-text u-text-palette-2-base u-text-6\">H-Max\u2122<br>wywrotka\/\u0142y\u017cka<br>450 kg \/ 280 l<br>\n                  <\/h3>\n                  <p class=\"u-align-center-md u-align-center-sm u-align-center-xs u-text u-text-7\">H-Max\u2122 zapewnia \u0142adowno\u015b\u0107 wi\u0119ksz\u0105 o 25% oraz dodatkowo nap\u0119dzany silnikiem przechy\u0142 \"hydrauliczny\" - ponad standard Max-Truck\u2122. Zbudowana z dodatkowym wzmocnieniem metalowym - wytrzymalszy dla dodatkowego \u0142adunku.<\/p>\n                  <a href=\"http:\/\/muck-truck.pl\/index.php\/h-max\/\" class=\"u-active-palette-2-base u-border-radius-0 u-btn u-btn-rectangle u-button-style u-hover-custom-color-4 u-palette-2-base u-btn-3\">Wi\u0119cej<\/a>\n                <\/div>\n              <\/div>\n              <div class=\"u-align-center-lg u-align-center-xl u-container-style u-layout-cell u-size-12 u-size-30-md u-layout-cell-4\">\n                <div class=\"u-container-layout u-valign-top u-container-layout-4\">\n                  <img decoding=\"async\" src=\"http:\/\/muck-truck.pl\/wp-content\/uploads\/2020\/10\/etruck.jpg\" alt=\"\" class=\"u-expanded-width u-image u-image-contain u-image-default u-image-4\">\n                  <h3 class=\"u-align-center-md u-align-center-sm u-align-center-xs u-text u-text-palette-2-base u-text-8\">E-Truck\u00ae<br>zasilana z akumulatora<br>\n                  <\/h3>\n                  <p class=\"u-align-center-md u-align-center-sm u-align-center-xs u-text u-text-9\">Innowacyjna E-Truck\u00ae ma wszystkie mocne punkty Muck-Truck\u00ae wraz z mo\u017cliwo\u015bci\u0105 pracy w kopalniach, budynkach i innych miejscach, gdzie ha\u0142as lub dym mog\u0105 by\u0107 problemem, jest \u0142atwa w manewrowaniu i kontroli.<\/p>\n                  <a href=\"http:\/\/muck-truck.pl\/index.php\/e-truck\/\" class=\"u-active-palette-2-base u-border-radius-0 u-btn u-btn-rectangle u-button-style u-hover-custom-color-4 u-palette-2-base u-btn-4\">Wi\u0119cej<\/a>\n                <\/div>\n              <\/div>\n              <div class=\"u-align-center-lg u-align-center-md u-align-center-xl u-container-style u-layout-cell u-right-cell u-size-12 u-size-30-md u-layout-cell-5\">\n                <div class=\"u-container-layout u-valign-top-lg u-valign-top-md u-valign-top-xl u-container-layout-5\">\n                  <img decoding=\"async\" src=\"http:\/\/muck-truck.pl\/wp-content\/uploads\/2020\/10\/electricmini.jpg\" alt=\"\" class=\"u-expanded-width-lg u-expanded-width-md u-expanded-width-xl u-image u-image-contain u-image-default u-image-5\">\n                  <h3 class=\"u-align-center-sm u-align-center-xs u-text u-text-palette-2-base u-text-10\">Elektryczna<br>mini-wywrotka 4WD<br>\n                  <\/h3>\n                  <p class=\"u-align-center-sm u-align-center-xs u-text u-text-11\">Nowa taczka z elektrycznym nap\u0119dem 4WD to najnowszy wynalazek Muck-Truck, kt\u00f3ry cechuje si\u0119 nap\u0119dem na cztery ko\u0142a, co czyni j\u0105 \u0142atw\u0105 w manewrowaniu, za\u015b miska przechyla si\u0119 automatycznie dotkni\u0119ciem przycisku.<\/p>\n                  <a href=\"http:\/\/muck-truck.pl\/index.php\/mini-wywrotka-4wd\/\" class=\"u-active-palette-2-base u-border-radius-0 u-btn u-btn-rectangle u-button-style u-hover-custom-color-4 u-palette-2-base u-btn-5\">Wi\u0119cej<\/a>\n                <\/div>\n              <\/div>\n            <\/div>\n          <\/div>\n        <\/div>\n      <\/div>\n    <\/section>\n    \n    \n    \n  \n","protected":false},"excerpt":{"rendered":"<p>O firmie Dowied\u017a si\u0119 wi\u0119cej o&nbsp;Muck-Truck\u00ae Pionierska koncepcja &#8211; pionierski projekt Koncepcja samojezdnych taczek powsta\u0142a wtedy, gdy Terry Rowlands (w\u0142a\u015bciciel i projektant) zaprojektowa\u0142 system hydraulicznego przechy\u0142u dla pierwszej mini-wywrotki wprowadzonej na rynek brytyjski przez firm\u0119 Honda. W\u00f3zek z nap\u0119dem Honda HP400 by\u0142 sprzedawany przez istniej\u0105c\u0105 sie\u0107, za\u015b koncepcja mini-wywrotek znalaz\u0142a zastosowanie w przemy\u015ble obok mini-koparek. &hellip; <a href=\"https:\/\/muck-truck.pl\/index.php\/o-firmie\/\" class=\"more-link\">Continue reading<span class=\"screen-reader-text\"> &#8222;O firmie&#8221;<\/span><\/a><\/p>\n","protected":false},"author":1,"featured_media":0,"parent":0,"menu_order":14,"comment_status":"closed","ping_status":"closed","template":"","meta":{"footnotes":""},"class_list":["post-86","page","type-page","status-publish","hentry"],"_links":{"self":[{"href":"https:\/\/muck-truck.pl\/index.php\/wp-json\/wp\/v2\/pages\/86","targetHints":{"allow":["GET"]}}],"collection":[{"href":"https:\/\/muck-truck.pl\/index.php\/wp-json\/wp\/v2\/pages"}],"about":[{"href":"https:\/\/muck-truck.pl\/index.php\/wp-json\/wp\/v2\/types\/page"}],"author":[{"embeddable":true,"href":"https:\/\/muck-truck.pl\/index.php\/wp-json\/wp\/v2\/users\/1"}],"replies":[{"embeddable":true,"href":"https:\/\/muck-truck.pl\/index.php\/wp-json\/wp\/v2\/comments?post=86"}],"version-history":[{"count":2,"href":"https:\/\/muck-truck.pl\/index.php\/wp-json\/wp\/v2\/pages\/86\/revisions"}],"predecessor-version":[{"id":203,"href":"https:\/\/muck-truck.pl\/index.php\/wp-json\/wp\/v2\/pages\/86\/revisions\/203"}],"wp:attachment":[{"href":"https:\/\/muck-truck.pl\/index.php\/wp-json\/wp\/v2\/media?parent=86"}],"curies":[{"name":"wp","href":"https:\/\/api.w.org\/{rel}","templated":true}]}}