{"id":85,"date":"2020-10-01T11:27:18","date_gmt":"2020-10-01T09:27:18","guid":{"rendered":"http:\/\/muck-truck.pl\/index.php\/porownanie\/"},"modified":"2020-10-01T11:51:33","modified_gmt":"2020-10-01T09:51:33","slug":"porownanie","status":"publish","type":"page","link":"https:\/\/muck-truck.pl\/index.php\/porownanie\/","title":{"rendered":"Porownanie"},"content":{"rendered":"\n  \n    <section class=\"u-clearfix u-custom-color-6 u-section-1\" id=\"sec-510b\">\n      <div class=\"u-clearfix u-sheet u-sheet-1\">\n        <h1 class=\"u-heading-font u-text u-text-palette-5-base u-title u-text-1\">Por\u00f3wnanie<\/h1>\n        <h2 class=\"u-heading-font u-subtitle u-text u-text-white u-text-2\">Specyfikacja Muck-Truck\u00ae<\/h2>\n      <\/div>\n    <\/section>\n    <section class=\"u-align-center u-clearfix u-white u-section-2\" id=\"sec-f0b3\">\n      <div class=\"u-clearfix u-sheet u-sheet-1\">\n        <div class=\"u-clearfix u-expanded-width u-gutter-0 u-layout-wrap u-layout-wrap-1\">\n          <div class=\"u-gutter-0 u-layout\">\n            <div class=\"u-layout-row\">\n              <div class=\"u-align-left u-container-style u-layout-cell u-left-cell u-size-12 u-size-20-md u-layout-cell-1\">\n                <div class=\"u-container-layout u-valign-top u-container-layout-1\">\n                  <img decoding=\"async\" src=\"http:\/\/muck-truck.pl\/wp-content\/uploads\/2020\/10\/mucktruck_6cu_dumper.jpg\" alt=\"\" class=\"u-expanded-width u-image u-image-contain u-image-default u-image-1\">\n                  <h3 class=\"u-text u-text-palette-2-base u-text-1\">Muck-Truck\u00ae<br>wywrotka\/\u0142y\u017cka<br>250 kg \/ 170 l<br>\n                  <\/h3>\n                  <p class=\"u-text u-text-2\">Oryginalna mini-wywrotka Muck-Truck\u00ae mo\u017ce przewozi\u0107 250 kg\/ 170 l i wznosi\u0107 si\u0119 na pochy\u0142o\u015b\u0107 30\u00ba przy pe\u0142nym za\u0142adowaniu. To prawdziwy ko\u0144 roboczy, kt\u00f3ry zyskuje zaufanie i uznanie na ca\u0142ym \u015bwiecie. W ci\u0105g\u0142ej produkcji od 30 lat.<br>\n                  <\/p>\n                  <p class=\"u-text u-text-3\"><b>Model:&nbsp;<\/b>\n                    <br>Muck-Truck\u00ae&nbsp;<br>\n                    <br><b>Silnik:&nbsp;<\/b>\n                    <br>Honda GXV 160 komercyjny 5,5 KM&nbsp;<br>\n                    <br><b>Skrzynia bieg\u00f3w:&nbsp;<\/b>\n                    <br>3 w prz\u00f3d \/ 1 wstecz&nbsp;<br>\n                    <br><b>Pr\u0119dko\u015b\u0107:&nbsp;<\/b>\n                    <br>0-5,6 km\/h&nbsp;<br>\n                    <br><b>Paliwo:&nbsp;<\/b>\n                    <br>Benzyna bezo\u0142owiowa&nbsp;<br>\n                    <br><b>Wydajno\u015b\u0107:&nbsp;<\/b>\n                    <br>250 kg \u0142adowno\u015bci \/ 170 l&nbsp;<br>\n                    <br><b>Wska\u017anik poziomu ha\u0142asu:&nbsp;<\/b>\n                    <br>do 79 dB&nbsp;<br>\n                    <br><b>Hamulec postojowy:&nbsp;<\/b>\n                    <br>Tarczowy&nbsp;<br>\n                    <br><b>Ko\u0142a:&nbsp;<\/b>\n                    <br>Prz\u00f3d 400x10, 4-warstwowe trakcyjne. Ty\u0142 400x8, 4-warstwowe trakcyjne&nbsp;<br>\n                    <br><b>Wymiary:&nbsp;<\/b>\n                    <br>d\u0142. 1550 mm&nbsp;<br>sz. 710 mm&nbsp;<br>wys. 865 mm&nbsp;<br>\n                    <br><b>Waga:&nbsp;<\/b>\n                    <br>Nieza\u0142adowana - 135 kg&nbsp;<br>\n                    <br><b>Trakcja:&nbsp;<\/b>\n                    <br>Nap\u0119d na 4 ko\u0142a\n                  <\/p>\n                  <a href=\"http:\/\/muck-truck.pl\/index.php\/muck-truck\/\" class=\"u-active-palette-2-base u-border-radius-0 u-btn u-btn-rectangle u-button-style u-hover-custom-color-4 u-palette-2-base u-btn-1\">Wi\u0119cej<\/a>\n                <\/div>\n              <\/div>\n              <div class=\"u-align-left u-container-style u-layout-cell u-size-12 u-size-20-md u-layout-cell-2\">\n                <div class=\"u-container-layout u-valign-top u-container-layout-2\">\n                  <img decoding=\"async\" src=\"http:\/\/muck-truck.pl\/wp-content\/uploads\/2020\/10\/maxtruck.jpg\" alt=\"\" class=\"u-expanded-width u-image u-image-contain u-image-default u-image-2\">\n                  <h3 class=\"u-text u-text-palette-2-base u-text-4\">Max-Truck\u00ae<br>wywrotka\/\u0142y\u017cka<br>365 KG \/ 225 L\n                  <\/h3>\n                  <p class=\"u-text u-text-5\">Max-Truck\u2122 jest najpopularniejszym modelem w wypo\u017cyczalniach, u architekt\u00f3w krajobrazu i budowniczych. Max-Truck\u2122 jest zalecana ze wzgl\u0119d\u00f3w zdrowotnych i bezpiecze\u0144stwa, gdy\u017c zwi\u0119ksza produktywno\u015b\u0107 przy mniejszym zm\u0119czeniu operatora.<br>\n                  <\/p>\n                  <p class=\"u-text u-text-6\"><b>Model:&nbsp;<\/b>\n                    <br>Max-Truck\u00ae&nbsp;<br>\n                    <br><b>Silnik:<\/b>\n                    <br>Honda GXV 160 komercyjny 5,5 KM&nbsp;<br>\n                    <br><b>Skrzynia bieg\u00f3w:&nbsp;<\/b>\n                    <br>3 w prz\u00f3d \/ 1 wstecz&nbsp;<br>\n                    <br><b>Pr\u0119dko\u015b\u0107:&nbsp;<\/b>\n                    <br>0-5,6 km\/h&nbsp;<br>\n                    <br><b>Paliwo:&nbsp;<\/b>\n                    <br>Benzyna bezo\u0142owiowa&nbsp;<br>\n                    <br><b>Wydajno\u015b\u0107:&nbsp;<\/b>\n                    <br>365 kg \u0142adowno\u015bci - 225 l&nbsp;<br>\n                    <br><b>Wska\u017anik poziomu ha\u0142asu:&nbsp;<\/b>\n                    <br>do 79 dB&nbsp;<br>\n                    <br><b>Hamulec postojowy:&nbsp;<\/b>\n                    <br>Tarczowy&nbsp;<br>\n                    <br><b>Ko\u0142a:&nbsp;<\/b>\n                    <br>4x 400x10,<br>4-warstwowe trakcyjne&nbsp;<br>\n                    <br><b>Wymiary:&nbsp;<\/b>\n                    <br>d\u0142. 1600 mm&nbsp;<br>sz. 710 mm&nbsp;<br>wys. 915 mm&nbsp;<br>\n                    <br><b>Waga:&nbsp;<\/b>\n                    <br>Nieza\u0142adowana - 155 kg&nbsp;<br>\n                    <br><b>Trakcja:&nbsp;<\/b>\n                    <br>Nap\u0119d na 4 ko\u0142a<br>\n                    <br>\n                  <\/p>\n                  <a href=\"http:\/\/muck-truck.pl\/index.php\/max-truck\/\" class=\"u-active-palette-2-base u-border-radius-0 u-btn u-btn-rectangle u-button-style u-hover-custom-color-4 u-palette-2-base u-btn-2\">Wi\u0119cej<\/a>\n                <\/div>\n              <\/div>\n              <div class=\"u-align-left u-container-style u-layout-cell u-size-12 u-size-20-md u-layout-cell-3\">\n                <div class=\"u-container-layout u-valign-top u-container-layout-3\">\n                  <img decoding=\"async\" src=\"http:\/\/muck-truck.pl\/wp-content\/uploads\/2020\/10\/hmax.png\" alt=\"\" class=\"u-expanded-width u-image u-image-contain u-image-default u-image-3\">\n                  <h3 class=\"u-text u-text-palette-2-base u-text-7\">H-Max\u2122<br>wywrotka\/\u0142y\u017cka<br>450 kg \/ 280 l<br>\n                  <\/h3>\n                  <p class=\"u-text u-text-8\">H-Max\u2122 zapewnia \u0142adowno\u015b\u0107 wi\u0119ksz\u0105 o 25% oraz dodatkowo nap\u0119dzany silnikiem przechy\u0142 \"hydrauliczny\" - ponad standard Max-Truck\u2122. Zbudowana z dodatkowym wzmocnieniem metalowym - wytrzymalszy dla dodatkowego \u0142adunku.<br>\n                  <\/p>\n                  <p class=\"u-text u-text-9\"><b>Model:&nbsp;<\/b>\n                    <br>H-Max\u2122&nbsp;<br>\n                    <br><b>Silnik:<\/b>&nbsp;<br>Honda GXV 160 komercyjny 5,5 KM&nbsp;<br>\n                    <br><b>Skrzynia bieg\u00f3w:&nbsp;<\/b>\n                    <br>3 w prz\u00f3d \/ 1 wstecz&nbsp;<br>\n                    <br><b>Pr\u0119dko\u015b\u0107:&nbsp;<\/b>\n                    <br>0-5,6 km\/h&nbsp;<br>\n                    <br><b>Paliwo:&nbsp;<\/b>\n                    <br>Benzyna bezo\u0142owiowa&nbsp;<br>\n                    <br><b>Wydajno\u015b\u0107:&nbsp;<\/b>\n                    <br>450 kg \u0142adowno\u015bci \/ 280 l&nbsp;<br>\n                    <br><b>Wska\u017anik poziomu ha\u0142asu:&nbsp;<\/b>\n                    <br>Do 79 dB&nbsp;<br>\n                    <br><b>Hamulec postojowy:&nbsp;<\/b>\n                    <br>Tarczowy&nbsp;<br>\n                    <br><b>Ko\u0142a:&nbsp;<\/b>\n                    <br>4x 400x10,<br>4-warstwowe trakcyjne&nbsp;<br>\n                    <br><b>Wymiary:&nbsp;<\/b>\n                    <br>d\u0142. 1830 mm&nbsp;<br>sz. 735 mm&nbsp;<br>wys. 1070 mm&nbsp;<br>\n                    <br><b>Waga:<\/b>\n                    <br>Nieza\u0142adowana - 185 kg<br>\n                    <br><b>Trakcja:&nbsp;<\/b>\n                    <br>Nap\u0119d na 4 ko\u0142a<br>\n                    <br>\n                  <\/p>\n                  <a href=\"http:\/\/muck-truck.pl\/index.php\/h-max\/\" class=\"u-active-palette-2-base u-border-radius-0 u-btn u-btn-rectangle u-button-style u-hover-custom-color-4 u-palette-2-base u-btn-3\">Wi\u0119cej<\/a>\n                <\/div>\n              <\/div>\n              <div class=\"u-align-left u-container-style u-layout-cell u-size-12 u-size-30-md u-layout-cell-4\">\n                <div class=\"u-container-layout u-valign-top u-container-layout-4\">\n                  <img decoding=\"async\" src=\"http:\/\/muck-truck.pl\/wp-content\/uploads\/2020\/10\/etruck.jpg\" alt=\"\" class=\"u-expanded-width u-image u-image-contain u-image-default u-image-4\">\n                  <h3 class=\"u-text u-text-palette-2-base u-text-10\">E-Truck\u00ae<br>zasilana z akumulatora<br>\n                  <\/h3>\n                  <p class=\"u-text u-text-11\">Innowacyjna E-Truck\u00ae ma wszystkie mocne punkty Muck-Truck\u00ae wraz z mo\u017cliwo\u015bci\u0105 pracy w kopalniach, budynkach i innych miejscach, gdzie ha\u0142as lub dym mog\u0105 by\u0107 problemem, jest \u0142atwa w manewrowaniu i kontroli.<br>\n                  <\/p>\n                  <p class=\"u-text u-text-12\"><b>Model:&nbsp;<\/b>\n                    <br>E-Truck\u00ae&nbsp;<br>\n                    <br><b>Nap\u0119d:&nbsp;<\/b>\n                    <br>Silnik 900 W&nbsp;<br>\n                    <br><b>Skrzynia bieg\u00f3w:&nbsp;<\/b>\n                    <br>Benevelli 1 w prz\u00f3d, 1 wstecz, zmiennie&nbsp;<br>\n                    <br><b>Pr\u0119dko\u015b\u0107:&nbsp;<\/b>\n                    <br>0-5,6 km\/h&nbsp;<br>\n                    <br><b>Paliwo:&nbsp;<\/b>\n                    <br>Akumulatory szczelne 4x12 V (wyj\u015bcie 24 V)&nbsp;<br>\n                    <br><b>Wydajno\u015b\u0107:&nbsp;<\/b>\n                    <br>250 kg \u0142adowno\u015bci - 170 l&nbsp;<br>\n                    <br><b>Wska\u017anik poziomu ha\u0142asu:&nbsp;<\/b>\n                    <br>do 5 dB&nbsp;<br>\n                    <br><b>Hamulec postojowy:&nbsp;<\/b>\n                    <br>Elektromagnetyczny&nbsp;<br>\n                    <br><b>Ko\u0142a:&nbsp;<\/b>\n                    <br>4x 400x10,<br>4-warstwowe trakcyjne&nbsp;<br>\n                    <br><b>Wymiary:&nbsp;<\/b>\n                    <br>d\u0142. 1600 mm&nbsp;<br>sz. 710 mm&nbsp;<br>wys. 915 mm&nbsp;<br>\n                    <br><b>Waga:&nbsp;<\/b>\n                    <br>Nieza\u0142adowana - 180 kg&nbsp;<br>\n                    <br><b>Trakcja:&nbsp;<\/b>\n                    <br>Nap\u0119d na 4 ko\u0142a\n                  <\/p>\n                  <a href=\"http:\/\/muck-truck.pl\/index.php\/e-truck\/\" class=\"u-active-palette-2-base u-border-radius-0 u-btn u-btn-rectangle u-button-style u-hover-custom-color-4 u-palette-2-base u-btn-4\">Wi\u0119cej<\/a>\n                <\/div>\n              <\/div>\n              <div class=\"u-align-left u-container-style u-layout-cell u-right-cell u-size-12 u-size-30-md u-layout-cell-5\">\n                <div class=\"u-container-layout u-valign-top-lg u-valign-top-md u-valign-top-xl u-container-layout-5\">\n                  <img decoding=\"async\" src=\"http:\/\/muck-truck.pl\/wp-content\/uploads\/2020\/10\/electricmini.jpg\" alt=\"\" class=\"u-expanded-width-lg u-expanded-width-md u-expanded-width-xl u-image u-image-contain u-image-default u-image-5\">\n                  <h3 class=\"u-text u-text-palette-2-base u-text-13\">Elektryczna<br>mini-wywrotka 4WD<br>\n                  <\/h3>\n                  <p class=\"u-text u-text-14\">Nowa taczka z elektrycznym nap\u0119dem 4WD to najnowszy wynalazek Muck-Truck, kt\u00f3ry cechuje si\u0119 nap\u0119dem na cztery ko\u0142a, co czyni j\u0105 \u0142atw\u0105 w manewrowaniu, za\u015b miska przechyla si\u0119 automatycznie dotkni\u0119ciem przycisku.<br>\n                  <\/p>\n                  <p class=\"u-text u-text-15\"><b>Model:&nbsp;<\/b>\n                    <br>Taczka z nap\u0119dem 4WD&nbsp;<br>\n                    <br><b>Nap\u0119d:&nbsp;<\/b>\n                    <br>Silnik 1400 W&nbsp;<br>\n                    <br><b>Skrzynia bieg\u00f3w:&nbsp;<\/b>\n                    <br>Trasnsmisja elektryczna Metalorta&nbsp;<br>\n                    <br><b>Pr\u0119dko\u015b\u0107:&nbsp;<\/b>\n                    <br>0\u20136,5 km\/h&nbsp;<br>\n                    <br><b>Paliwo:&nbsp;<\/b>\n                    <br>Akumulator 2 x 12 V&nbsp;<br>\n                    <br><b>Wydajno\u015b\u0107:&nbsp;<\/b>\n                    <br>365 kg \u0142adowno\u015bci \/ 225 l&nbsp;<br>\n                    <br><b>Wska\u017anik poziomu ha\u0142asu:&nbsp;<\/b>\n                    <br>do 5 dB&nbsp;<br>\n                    <br><b>Hamulec postojowy:&nbsp;<\/b>\n                    <br>Elektromagnetyczny&nbsp;<br>\n                    <br><b>Ko\u0142a:&nbsp;<\/b>\n                    <br>Prz\u00f3d 16x6,50-8<br>Ty\u0142 16x6,50-8&nbsp;<br>4-warstwowe trakcyjne<br>\n                    <br><b>Wymiary:&nbsp;<\/b>\n                    <br>d\u0142. 1625 mm&nbsp;<br>sz. 762 mm&nbsp;<br>wys. 965 mm&nbsp;<br>\n                    <br><b>Waga:&nbsp;<\/b>\n                    <br>265 kg&nbsp;<br>\n                    <br><b>Trakcja:&nbsp;<\/b>\n                    <br>Nap\u0119d na 4 ko\u0142a\n                  <\/p>\n                  <a href=\"http:\/\/muck-truck.pl\/index.php\/mini-wywrotka-4wd\/\" class=\"u-active-palette-2-base u-border-radius-0 u-btn u-btn-rectangle u-button-style u-hover-custom-color-4 u-palette-2-base u-btn-5\">Wi\u0119cej<\/a>\n                <\/div>\n              <\/div>\n            <\/div>\n          <\/div>\n        <\/div>\n      <\/div>\n    <\/section>\n    \n    \n    \n  \n","protected":false},"excerpt":{"rendered":"<p>Por\u00f3wnanie Specyfikacja Muck-Truck\u00ae Muck-Truck\u00aewywrotka\/\u0142y\u017cka250 kg \/ 170 l Oryginalna mini-wywrotka Muck-Truck\u00ae mo\u017ce przewozi\u0107 250 kg\/ 170 l i wznosi\u0107 si\u0119 na pochy\u0142o\u015b\u0107 30\u00ba przy pe\u0142nym za\u0142adowaniu. To prawdziwy ko\u0144 roboczy, kt\u00f3ry zyskuje zaufanie i uznanie na ca\u0142ym \u015bwiecie. W ci\u0105g\u0142ej produkcji od 30 lat. Model:&nbsp; Muck-Truck\u00ae&nbsp; Silnik:&nbsp; Honda GXV 160 komercyjny 5,5 KM&nbsp; Skrzynia bieg\u00f3w:&nbsp; &hellip; <a href=\"https:\/\/muck-truck.pl\/index.php\/porownanie\/\" class=\"more-link\">Continue reading<span class=\"screen-reader-text\"> &#8222;Porownanie&#8221;<\/span><\/a><\/p>\n","protected":false},"author":1,"featured_media":0,"parent":0,"menu_order":13,"comment_status":"closed","ping_status":"closed","template":"","meta":{"footnotes":""},"class_list":["post-85","page","type-page","status-publish","hentry"],"_links":{"self":[{"href":"https:\/\/muck-truck.pl\/index.php\/wp-json\/wp\/v2\/pages\/85","targetHints":{"allow":["GET"]}}],"collection":[{"href":"https:\/\/muck-truck.pl\/index.php\/wp-json\/wp\/v2\/pages"}],"about":[{"href":"https:\/\/muck-truck.pl\/index.php\/wp-json\/wp\/v2\/types\/page"}],"author":[{"embeddable":true,"href":"https:\/\/muck-truck.pl\/index.php\/wp-json\/wp\/v2\/users\/1"}],"replies":[{"embeddable":true,"href":"https:\/\/muck-truck.pl\/index.php\/wp-json\/wp\/v2\/comments?post=85"}],"version-history":[{"count":2,"href":"https:\/\/muck-truck.pl\/index.php\/wp-json\/wp\/v2\/pages\/85\/revisions"}],"predecessor-version":[{"id":202,"href":"https:\/\/muck-truck.pl\/index.php\/wp-json\/wp\/v2\/pages\/85\/revisions\/202"}],"wp:attachment":[{"href":"https:\/\/muck-truck.pl\/index.php\/wp-json\/wp\/v2\/media?parent=85"}],"curies":[{"name":"wp","href":"https:\/\/api.w.org\/{rel}","templated":true}]}}