{"id":83,"date":"2020-10-01T11:27:16","date_gmt":"2020-10-01T09:27:16","guid":{"rendered":"http:\/\/muck-truck.pl\/index.php\/muck-truck\/"},"modified":"2025-03-18T12:54:16","modified_gmt":"2025-03-18T11:54:16","slug":"muck-truck","status":"publish","type":"page","link":"https:\/\/muck-truck.pl\/index.php\/muck-truck\/","title":{"rendered":"Muck-Truck"},"content":{"rendered":"\n    \n    <section class=\"u-clearfix u-custom-color-6 u-section-2\" id=\"sec-510b\">\n      <div class=\"u-clearfix u-sheet u-sheet-1\">\n        <h1 class=\"u-heading-font u-text u-text-palette-5-base u-title u-text-1\">Muck-Truck<\/h1>\n        <h2 class=\"u-heading-font u-subtitle u-text u-text-white u-text-2\">wywrotka\/\u0142y\u017cka 250 kg \/ 170 l<\/h2>\n      <\/div>\n    <\/section>\n    <section class=\"u-clearfix u-section-3\" id=\"sec-be8c\">\n      <div class=\"u-clearfix u-sheet u-sheet-1\">\n        <div class=\"u-clearfix u-expanded-width u-layout-wrap u-layout-wrap-1\">\n          <div class=\"u-layout\">\n            <div class=\"u-layout-row\">\n              <div class=\"u-container-style u-layout-cell u-left-cell u-size-25 u-layout-cell-1\">\n                <div class=\"u-container-layout u-container-layout-1\">\n                  <h3 class=\"u-text u-text-palette-5-base u-text-1\">Opis<\/h3>\n                  <p class=\"u-text u-text-2\">Muck-Truck\u00ae sta\u0142 si\u0119 miar\u0105, kt\u00f3r\u0105 inni producenci mierz\u0105 swoje produkty. <br>\n                    <br>Ka\u017cdy model Muck-Truck\u00ae jest projektowany do u\u017cytku przemys\u0142owego i profesjonalnego, gdzie zdrowie i bezpiecze\u0144stwo stoj\u0105 na pierwszym miejscu i w centrum uwagi. <br>\n                    <br>W razie zwolnienia d\u017awigni wysprz\u0119glania dochodzi do niezw\u0142ocznego i ca\u0142kowitego zatrzymania Muck-Truck\u00ae, co w razie przewr\u00f3cenia si\u0119 lub upadku operatora daje du\u017c\u0105 szans\u0119 zredukowania mo\u017cliwo\u015bci wypadku. <br>\n                    <br>Zr\u00f3wnowa\u017cone rozmieszczenie ci\u0119\u017caru sprzyja wywracaniu i pomaga w unikaniu obra\u017ce\u0144 plec\u00f3w i ko\u0144czyn operatora na wsp\u00f3lnym miejscu pracy. \n                  <\/p>\n                  <a href=\"#\" class=\"u-active-palette-2-base u-border-radius-0 u-btn u-btn-rectangle u-button-style u-hover-custom-color-4 u-palette-2-base u-btn-1\">Pobierz Instrukcj\u0119<\/a>\n                <\/div>\n              <\/div>\n              <div class=\"u-align-left u-container-align-left u-container-style u-layout-cell u-size-20 u-layout-cell-2\">\n                <div class=\"u-container-layout u-valign-middle u-container-layout-2\">\n                  <div class=\"u-carousel u-expanded-width u-gallery u-layout-carousel u-lightbox u-no-transition u-show-text-none u-gallery-1\" id=\"carousel-5090\" data-interval=\"2000\" data-u-ride=\"carousel\">\n                    <ol class=\"u-absolute-hcenter u-carousel-indicators u-carousel-indicators-1\">\n                      <li data-u-target=\"#carousel-5090\" data-u-slide-to=\"0\" class=\"u-active u-palette-2-base u-shape-rectangle\" style=\"width: 30px; height: 3px;\"><\/li>\n                      <li data-u-target=\"#carousel-5090\" data-u-slide-to=\"1\" class=\"u-palette-2-base u-shape-rectangle\" style=\"width: 30px; height: 3px;\"><\/li>\n                    <\/ol>\n                    <div class=\"u-carousel-inner u-gallery-inner\" role=\"listbox\">\n                      <div class=\"active u-active u-carousel-item u-gallery-item\">\n                        <div class=\"u-back-slide\">\n                          <img decoding=\"async\" class=\"u-back-image u-expanded u-image-contain\" src=\"https:\/\/muck-truck.pl\/wp-content\/uploads\/2020\/10\/muck-truck_6cu_dumper.jpg\">\n                        <\/div>\n                        <div class=\"u-over-slide u-over-slide-1\">\n                          <h3 class=\"u-gallery-heading\">Sample Title<\/h3>\n                          <p class=\"u-gallery-text\">Sample Text<\/p>\n                        <\/div>\n                      <\/div>\n                      <div class=\"u-carousel-item u-gallery-item\">\n                        <div class=\"u-back-slide\">\n                          <img decoding=\"async\" class=\"u-back-image u-expanded u-image-contain\" src=\"https:\/\/muck-truck.pl\/wp-content\/uploads\/2020\/10\/powered_by_honda2.jpg\">\n                        <\/div>\n                        <div class=\"u-over-slide u-over-slide-2\">\n                          <h3 class=\"u-gallery-heading\">Sample Title<\/h3>\n                          <p class=\"u-gallery-text\">Sample Text<\/p>\n                        <\/div>\n                      <\/div>\n                    <\/div>\n                    <a class=\"u-absolute-vcenter u-carousel-control u-carousel-control-prev u-icon-circle u-opacity u-opacity-70 u-text-palette-2-base u-carousel-control-1\" href=\"#carousel-5090\" role=\"button\" data-u-slide=\"prev\">\n                      <span aria-hidden=\"true\">\n                        <svg viewBox=\"0 0 451.847 451.847\"><path d=\"M97.141,225.92c0-8.095,3.091-16.192,9.259-22.366L300.689,9.27c12.359-12.359,32.397-12.359,44.751,0\nc12.354,12.354,12.354,32.388,0,44.748L173.525,225.92l171.903,171.909c12.354,12.354,12.354,32.391,0,44.744\nc-12.354,12.365-32.386,12.365-44.745,0l-194.29-194.281C100.226,242.115,97.141,234.018,97.141,225.92z\"><\/path><\/svg>\n                      <\/span>\n                      <span class=\"sr-only\">\n                        <svg viewBox=\"0 0 451.847 451.847\"><path d=\"M97.141,225.92c0-8.095,3.091-16.192,9.259-22.366L300.689,9.27c12.359-12.359,32.397-12.359,44.751,0\nc12.354,12.354,12.354,32.388,0,44.748L173.525,225.92l171.903,171.909c12.354,12.354,12.354,32.391,0,44.744\nc-12.354,12.365-32.386,12.365-44.745,0l-194.29-194.281C100.226,242.115,97.141,234.018,97.141,225.92z\"><\/path><\/svg>\n                      <\/span>\n                    <\/a>\n                    <a class=\"u-absolute-vcenter u-carousel-control u-carousel-control-next u-icon-circle u-opacity u-opacity-70 u-text-palette-2-base u-carousel-control-2\" href=\"#carousel-5090\" role=\"button\" data-u-slide=\"next\">\n                      <span aria-hidden=\"true\">\n                        <svg viewBox=\"0 0 451.846 451.847\"><path d=\"M345.441,248.292L151.154,442.573c-12.359,12.365-32.397,12.365-44.75,0c-12.354-12.354-12.354-32.391,0-44.744\nL278.318,225.92L106.409,54.017c-12.354-12.359-12.354-32.394,0-44.748c12.354-12.359,32.391-12.359,44.75,0l194.287,194.284\nc6.177,6.18,9.262,14.271,9.262,22.366C354.708,234.018,351.617,242.115,345.441,248.292z\"><\/path><\/svg>\n                      <\/span>\n                      <span class=\"sr-only\">\n                        <svg viewBox=\"0 0 451.846 451.847\"><path d=\"M345.441,248.292L151.154,442.573c-12.359,12.365-32.397,12.365-44.75,0c-12.354-12.354-12.354-32.391,0-44.744\nL278.318,225.92L106.409,54.017c-12.354-12.359-12.354-32.394,0-44.748c12.354-12.359,32.391-12.359,44.75,0l194.287,194.284\nc6.177,6.18,9.262,14.271,9.262,22.366C354.708,234.018,351.617,242.115,345.441,248.292z\"><\/path><\/svg>\n                      <\/span>\n                    <\/a>\n                  <\/div>\n                <\/div>\n              <\/div>\n              <div class=\"u-container-style u-layout-cell u-palette-5-base u-right-cell u-size-15 u-layout-cell-3\">\n                <div class=\"u-container-layout u-valign-middle u-container-layout-3\">\n                  <p class=\"u-text u-text-3\">Mini-wywrotka Muck-Truck\u00ae jest w ci\u0105g\u0142ej produkcji od ponad 30 lat<\/p>\n                  <div class=\"u-border-1 u-border-white u-expanded-width u-line u-line-horizontal u-line-1\"><\/div>\n                  <p class=\"u-text u-text-4\">Silnik obj\u0119ty jest pe\u0142n\u0105 24-miesi\u0119czn\u0105 gwarancj\u0105 handlow\u0105<\/p>\n                  <div class=\"u-border-1 u-border-white u-expanded-width u-line u-line-horizontal u-line-2\"><\/div>\n                  <p class=\"u-text u-text-5\">Akcesoria mini-wywrotki daj\u0105 si\u0119 szybko i \u0142atwo zmienia\u0107<\/p>\n                  <div class=\"u-border-1 u-border-white u-expanded-width u-line u-line-horizontal u-line-3\"><\/div>\n                  <p class=\"u-text u-text-6\">Pokonuje wzniesienia do 30\u00b0<\/p>\n                  <div class=\"u-border-1 u-border-white u-expanded-width u-line u-line-horizontal u-line-4\"><\/div>\n                  <p class=\"u-text u-text-7\">Mini-wywrotka Muck-Truck\u00ae jest \u0142atwa w kierowaniu na pusto i w stanie w pe\u0142ni na\u0142adowanym<\/p>\n                  <div class=\"u-border-1 u-border-white u-expanded-width u-line u-line-horizontal u-line-5\"><\/div>\n                  <p class=\"u-text u-text-8\">Znakomicie wsp\u00f3\u0142pracuje z mini-koparkami i mieszaczami cementu<\/p>\n                  <div class=\"u-border-1 u-border-white u-expanded-width u-line u-line-horizontal u-line-6\"><\/div>\n                  <p class=\"u-text u-text-9\">Szeroko\u015b\u0107 - tylko 70cm, Muck-Truck\u00ae \u0142atwo mie\u015bci si\u0119 w przeci\u0119tne otwory drzwiowe<\/p>\n                <\/div>\n              <\/div>\n            <\/div>\n          <\/div>\n        <\/div>\n      <\/div>\n    <\/section>\n    <section class=\"u-clearfix u-section-4\" id=\"sec-a3ce\">\n      <div class=\"u-clearfix u-sheet u-valign-middle u-sheet-1\">\n        <h3 class=\"u-text u-text-1\">Specyfikacja<\/h3>\n      <\/div>\n    <\/section>\n    <section class=\"u-clearfix u-section-5\" id=\"sec-82a2\">\n      <div class=\"u-clearfix u-sheet u-sheet-1\">\n        <div class=\"data-layout-selected u-clearfix u-expanded-width u-layout-wrap u-layout-wrap-1\">\n          <div class=\"u-layout\">\n            <div class=\"u-layout-row\">\n              <div class=\"u-container-style u-layout-cell u-left-cell u-size-37 u-layout-cell-1\">\n                <div class=\"u-container-layout u-valign-top u-container-layout-1\">\n                  <div class=\"u-expanded-width u-table u-table-responsive u-table-1\">\n                    <table class=\"u-table-entity\">\n                      <colgroup>\n                        <col width=\"39.8%\">\n                        <col width=\"60.2%\">\n                      <\/colgroup>\n                      <tbody class=\"u-align-right u-table-body u-table-body-1\">\n                        <tr style=\"height: 43px;\">\n                          <td class=\"u-align-right u-table-cell u-table-cell-1\">Model:<\/td>\n                          <td class=\"u-align-left u-table-cell\">Muck-Truck\u00ae<\/td>\n                        <\/tr>\n                        <tr style=\"height: 43px;\">\n                          <td class=\"u-align-right u-table-cell u-table-cell-3\">Silnik:<\/td>\n                          <td class=\"u-align-left u-table-cell\">Honda GXV 160 komercyjny 5,5 KM <\/td>\n                        <\/tr>\n                        <tr style=\"height: 41px;\">\n                          <td class=\"u-align-right u-table-cell u-table-cell-5\">Skrzynia bieg\u00f3w:<\/td>\n                          <td class=\"u-align-left u-table-cell\">3 w prz\u00f3d \/ 1 wstecz <\/td>\n                        <\/tr>\n                        <tr style=\"height: 43px;\">\n                          <td class=\"u-align-right u-table-cell u-table-cell-7\">Pr\u0119dko\u015b\u0107:<\/td>\n                          <td class=\"u-align-left u-table-cell\">0-5,6 km\/h <\/td>\n                        <\/tr>\n                        <tr style=\"height: 43px;\">\n                          <td class=\"u-align-right u-table-cell u-table-cell-9\">Paliwo:<\/td>\n                          <td class=\"u-align-left u-table-cell\">Benzyna bezo\u0142owiowa <\/td>\n                        <\/tr>\n                        <tr style=\"height: 43px;\">\n                          <td class=\"u-align-right u-table-cell u-table-cell-11\">Wydajno\u015b\u0107:<\/td>\n                          <td class=\"u-align-left u-table-cell\">250 kg \u0142adowno\u015bci \/ 170 l<\/td>\n                        <\/tr>\n                        <tr style=\"height: 26px;\">\n                          <td class=\"u-align-right u-table-cell u-table-cell-13\">Wska\u017anik poziomu ha\u0142asu:<\/td>\n                          <td class=\"u-align-left u-table-cell\">do 98 dB <\/td>\n                        <\/tr>\n                        <tr style=\"height: 30px;\">\n                          <td class=\"u-align-right u-table-cell u-table-cell-15\">Hamulec postojowy:<\/td>\n                          <td class=\"u-align-left u-table-cell\">Tarczowy <\/td>\n                        <\/tr>\n                        <tr style=\"height: 27px;\">\n                          <td class=\"u-align-right u-table-cell u-table-cell-17\">Ko\u0142a:<\/td>\n                          <td class=\"u-align-left u-table-cell\">Prz\u00f3d 400x10, 4-warstwowe trakcyjne. Ty\u0142 400x, 4-warstwowe trakcyjne <\/td>\n                        <\/tr>\n                        <tr style=\"height: 43px;\">\n                          <td class=\"u-align-right u-table-cell u-table-cell-19\">Wymiary:<\/td>\n                          <td class=\"u-align-left u-table-cell\">(d\u0142.) 1550 mm x (sz.) 710 mm x (wys.) 865 mm <\/td>\n                        <\/tr>\n                        <tr style=\"height: 43px;\">\n                          <td class=\"u-align-right u-table-cell u-table-cell-21\">Waga:<\/td>\n                          <td class=\"u-align-left u-table-cell\">Nieza\u0142adowana - 135 kg <\/td>\n                        <\/tr>\n                        <tr style=\"height: 43px;\">\n                          <td class=\"u-align-right u-table-cell u-table-cell-23\">Trakcja:<\/td>\n                          <td class=\"u-align-left u-table-cell\">Nap\u0119d na 4 ko\u0142a <\/td>\n                        <\/tr>\n                      <\/tbody>\n                    <\/table>\n                  <\/div>\n                <\/div>\n              <\/div>\n              <div class=\"u-align-justify u-container-style u-layout-cell u-right-cell u-size-23 u-layout-cell-2\">\n                <div class=\"u-container-layout u-container-layout-2\">\n                  <p class=\"u-text u-text-default u-text-1\">Zmotoryzowana mini-wywrotka Muck-Truck\u00ae jest projektowana i konstruowana w Zjednoczonym Kr\u00f3lestwie, zapewnia du\u017ce korzy\u015bci pod wzgl\u0119dem produktywno\u015bci w budownictwie, architekturze krajobrazu, na terenach rekreacyjnych i u\u017cytkowych.&nbsp;<br>\n                    <br>Muck-Truck\u00ae s\u0105 tak\u017ce uniwersalne i wszystkie akcesoria mini-wywrotek z nap\u0119dem s\u0105 wzajemnie wymienne, i mog\u0105 by\u0107 u\u017cywane w dowolnej konfiguracji mikro-wywrotki Muck-Truck\u00ae. \n                  <\/p>\n                <\/div>\n              <\/div>\n            <\/div>\n          <\/div>\n        <\/div>\n      <\/div>\n    <\/section>\n    <section class=\"u-clearfix u-palette-5-base u-section-6\" id=\"sec-2a64\">\n      <div class=\"u-clearfix u-sheet u-valign-middle u-sheet-1\">\n        <h3 class=\"u-align-center u-text u-text-1\">Potrzebujesz wi\u0119cej informacji? Zadzwo\u0144:<br>\n        <\/h3>\n        <h3 class=\"u-align-center u-text u-text-palette-2-base u-text-2\">(+48)&nbsp;95 752 57 80<br>\n        <\/h3>\n      <\/div>\n    <\/section>\n    <section class=\"u-align-center u-clearfix u-container-align-center u-white u-section-7\" id=\"sec-4221\">\n      <div class=\"u-clearfix u-sheet u-sheet-1\">\n        <h2 class=\"u-align-center u-text u-text-palette-5-base u-text-1\">PIERWSI Z POMYS\u0141EM, PIERWSI Z PROJEKTEM<\/h2>\n        <div class=\"data-layout-selected u-clearfix u-expanded-width u-gutter-0 u-layout-wrap u-layout-wrap-1\">\n          <div class=\"u-gutter-0 u-layout\">\n            <div class=\"u-layout-row\">\n              <div class=\"u-align-center u-container-align-center u-container-style u-layout-cell u-left-cell u-size-15 u-layout-cell-1\">\n                <div class=\"u-container-layout u-valign-top u-container-layout-1\">\n                  <img decoding=\"async\" src=\"https:\/\/muck-truck.pl\/wp-content\/uploads\/2020\/10\/mucktruck_6cu_dumper.jpg\" alt=\"\" class=\"u-expanded-width u-image u-image-contain u-image-default u-image-1\">\n                  <h3 class=\"u-text u-text-palette-2-base u-text-2\">Muck-Truck\u00ae<br>wywrotka\/\u0142y\u017cka<br>250 kg \/ 170 l<br>\n                  <\/h3>\n                  <p class=\"u-text u-text-3\">Oryginalna mini-wywrotka Muck-Truck\u00ae mo\u017ce przewozi\u0107 250 kg\/ 170 l i wznosi\u0107 si\u0119 na pochy\u0142o\u015b\u0107 30\u00ba przy pe\u0142nym za\u0142adowaniu. To prawdziwy ko\u0144 roboczy, kt\u00f3ry zyskuje zaufanie i uznanie na ca\u0142ym \u015bwiecie. W ci\u0105g\u0142ej produkcji od 30 lat.<\/p>\n                  <a href=\"https:\/\/muck-truck.pl\/index.php\/muck-truck\/\" class=\"u-active-palette-2-base u-border-radius-0 u-btn u-btn-rectangle u-button-style u-hover-custom-color-4 u-palette-2-base u-btn-1\">Wi\u0119cej<\/a>\n                <\/div>\n              <\/div>\n              <div class=\"u-align-center-lg u-align-center-md u-align-center-sm u-align-center-xs u-container-style u-layout-cell u-size-15 u-layout-cell-2\">\n                <div class=\"u-container-layout u-valign-top u-container-layout-2\">\n                  <img decoding=\"async\" src=\"https:\/\/muck-truck.pl\/wp-content\/uploads\/2020\/10\/maxtruck.jpg\" alt=\"\" class=\"u-expanded-width u-image u-image-contain u-image-default u-image-2\">\n                  <h3 class=\"u-align-center-xl u-text u-text-palette-2-base u-text-4\">Max-Truck\u00ae<br>wywrotka\/\u0142y\u017cka<br>365 KG \/ 225 L \n                  <\/h3>\n                  <p class=\"u-align-center-xl u-text u-text-5\">Max-Truck&#x2122; jest najpopularniejszym modelem w wypo\u017cyczalniach, u architekt\u00f3w krajobrazu i budowniczych. Max-Truck&#x2122; jest zalecana ze wzgl\u0119d\u00f3w zdrowotnych i bezpiecze\u0144stwa, gdy\u017c zwi\u0119ksza produktywno\u015b\u0107 przy mniejszym zm\u0119czeniu operatora.<\/p>\n                  <a href=\"https:\/\/muck-truck.pl\/index.php\/max-truck\/\" class=\"u-active-palette-2-base u-border-radius-0 u-btn u-btn-rectangle u-button-style u-hover-custom-color-4 u-palette-2-base u-btn-2\">Wi\u0119cej<\/a>\n                <\/div>\n              <\/div>\n              <div class=\"u-align-center-lg u-align-center-xl u-container-style u-layout-cell u-size-15 u-layout-cell-3\">\n                <div class=\"u-container-layout u-valign-bottom-md u-valign-bottom-sm u-valign-bottom-xs u-valign-top-lg u-valign-top-xl u-container-layout-3\">\n                  <img decoding=\"async\" src=\"https:\/\/muck-truck.pl\/wp-content\/uploads\/2020\/10\/hmax.png\" alt=\"\" class=\"u-expanded-width u-image u-image-contain u-image-default u-image-3\">\n                  <h3 class=\"u-align-center-md u-align-center-sm u-align-center-xs u-text u-text-palette-2-base u-text-6\">H-Max&#x2122;<br>wywrotka\/\u0142y\u017cka<br>365 kg \/ 280 l<br>\n                  <\/h3>\n                  <p class=\"u-align-center-md u-align-center-sm u-align-center-xs u-text u-text-7\">H-Max&#x2122; zapewnia \u0142adowno\u015b\u0107 wi\u0119ksz\u0105 o 25% oraz dodatkowo nap\u0119dzany silnikiem przechy\u0142 \"hydrauliczny\" - ponad standard Max-Truck&#x2122;. Zbudowana z dodatkowym wzmocnieniem metalowym - wytrzymalszy dla dodatkowego \u0142adunku.<\/p>\n                  <a href=\"https:\/\/muck-truck.pl\/index.php\/h-max\/\" class=\"u-active-palette-2-base u-border-radius-0 u-btn u-btn-rectangle u-button-style u-hover-custom-color-4 u-palette-2-base u-btn-3\">Wi\u0119cej<\/a>\n                <\/div>\n              <\/div>\n              <div class=\"u-align-center-lg u-align-center-md u-align-center-xl u-container-style u-layout-cell u-right-cell u-size-15 u-layout-cell-4\">\n                <div class=\"u-container-layout u-valign-top-lg u-valign-top-md u-container-layout-4\">\n                  <img decoding=\"async\" class=\"u-expanded-width u-image u-image-contain u-image-default u-image-4\" src=\"https:\/\/muck-truck.pl\/wp-content\/uploads\/2025\/03\/PB4WD-II-Side_298cd179dd39b053bc274b01f2569d63.png\" alt=\"\" data-image-width=\"800\" data-image-height=\"600\">\n                  <h3 class=\"u-align-center-sm u-align-center-xs u-text u-text-palette-2-base u-text-8\">Power Barrow 4WD II 365 kg<br>\n                  <\/h3>\n                  <p class=\"u-align-center-sm u-align-center-xs u-text u-text-9\">Nowa taczka z elektrycznym nap\u0119dem 4WD to najnowszy wynalazek Muck-Truck, kt\u00f3ry cechuje si\u0119 nap\u0119dem na cztery ko\u0142a, co czyni j\u0105 \u0142atw\u0105 w manewrowaniu, za\u015b miska przechyla si\u0119 automatycznie dotkni\u0119ciem przycisku.<\/p>\n                  <a href=\"https:\/\/muck-truck.pl\/index.php\/power-barrow-4wd-ii\/\" class=\"u-active-palette-2-base u-border-radius-0 u-btn u-btn-rectangle u-button-style u-hover-custom-color-4 u-palette-2-base u-btn-4\">Wi\u0119cej<\/a>\n                <\/div>\n              <\/div>\n            <\/div>\n          <\/div>\n        <\/div>\n      <\/div>\n    <\/section>\n    \n    \n    \n    \n  \n","protected":false},"excerpt":{"rendered":"<p>Muck-Truck wywrotka\/\u0142y\u017cka 250 kg \/ 170 l Opis Muck-Truck\u00ae sta\u0142 si\u0119 miar\u0105, kt\u00f3r\u0105 inni producenci mierz\u0105 swoje produkty. Ka\u017cdy model Muck-Truck\u00ae jest projektowany do u\u017cytku przemys\u0142owego i profesjonalnego, gdzie zdrowie i bezpiecze\u0144stwo stoj\u0105 na pierwszym miejscu i w centrum uwagi. W razie zwolnienia d\u017awigni wysprz\u0119glania dochodzi do niezw\u0142ocznego i ca\u0142kowitego zatrzymania Muck-Truck\u00ae, co w razie &hellip; <a href=\"https:\/\/muck-truck.pl\/index.php\/muck-truck\/\" class=\"more-link\">Continue reading<span class=\"screen-reader-text\"> &#8222;Muck-Truck&#8221;<\/span><\/a><\/p>\n","protected":false},"author":1,"featured_media":0,"parent":0,"menu_order":11,"comment_status":"closed","ping_status":"closed","template":"","meta":{"footnotes":""},"class_list":["post-83","page","type-page","status-publish","hentry"],"_links":{"self":[{"href":"https:\/\/muck-truck.pl\/index.php\/wp-json\/wp\/v2\/pages\/83","targetHints":{"allow":["GET"]}}],"collection":[{"href":"https:\/\/muck-truck.pl\/index.php\/wp-json\/wp\/v2\/pages"}],"about":[{"href":"https:\/\/muck-truck.pl\/index.php\/wp-json\/wp\/v2\/types\/page"}],"author":[{"embeddable":true,"href":"https:\/\/muck-truck.pl\/index.php\/wp-json\/wp\/v2\/users\/1"}],"replies":[{"embeddable":true,"href":"https:\/\/muck-truck.pl\/index.php\/wp-json\/wp\/v2\/comments?post=83"}],"version-history":[{"count":5,"href":"https:\/\/muck-truck.pl\/index.php\/wp-json\/wp\/v2\/pages\/83\/revisions"}],"predecessor-version":[{"id":2091,"href":"https:\/\/muck-truck.pl\/index.php\/wp-json\/wp\/v2\/pages\/83\/revisions\/2091"}],"wp:attachment":[{"href":"https:\/\/muck-truck.pl\/index.php\/wp-json\/wp\/v2\/media?parent=83"}],"curies":[{"name":"wp","href":"https:\/\/api.w.org\/{rel}","templated":true}]}}