{"id":81,"date":"2020-10-01T11:27:14","date_gmt":"2020-10-01T09:27:14","guid":{"rendered":"http:\/\/muck-truck.pl\/index.php\/budownictwo\/"},"modified":"2020-10-01T11:50:50","modified_gmt":"2020-10-01T09:50:50","slug":"budownictwo","status":"publish","type":"page","link":"https:\/\/muck-truck.pl\/index.php\/budownictwo\/","title":{"rendered":"Budownictwo"},"content":{"rendered":"\n  \n    <section class=\"u-clearfix u-custom-color-6 u-section-1\" id=\"sec-510b\">\n      <div class=\"u-clearfix u-sheet u-sheet-1\">\n        <h1 class=\"u-heading-font u-text u-text-palette-5-base u-title u-text-1\">Budownictwo<\/h1>\n        <h2 class=\"u-heading-font u-subtitle u-text u-text-white u-text-2\">Muck-Trucks dla Budownictwa<\/h2>\n      <\/div>\n    <\/section>\n    <section class=\"u-clearfix u-section-2\" id=\"sec-5123\">\n      <div class=\"u-clearfix u-sheet u-valign-middle u-sheet-1\">\n        <div class=\"u-clearfix u-expanded-width u-gutter-10 u-layout-wrap u-layout-wrap-1\">\n          <div class=\"u-gutter-0 u-layout\">\n            <div class=\"u-layout-row\">\n              <div class=\"u-align-justify u-container-style u-layout-cell u-left-cell u-size-37 u-layout-cell-1\">\n                <div class=\"u-container-layout u-valign-top u-container-layout-1\">\n                  <p class=\"u-text u-text-palette-5-base u-text-1\">Niezale\u017cnie od tego, czy przewozisz worki z betonem czy gruzem, nic nie zast\u0105pi posiadania samojezdnej taczki w gotowo\u015bci. Nasze taczki typu Muck-Trucks daj\u0105 Ci mo\u017cliwo\u015b\u0107 przewo\u017cenia \u0142adunk\u00f3w, kt\u00f3re mo\u017cesz przemieszcza\u0107 samodzielnie, zamiast przy u\u017cyciu ci\u0119\u017car\u00f3wki lub kilku innych pracownik\u00f3w. W przeciwie\u0144stwie do ci\u0119\u017car\u00f3wki, samojezdna taczka mo\u017ce przemieszcza\u0107 si\u0119 po prawie ka\u017cdym terenie, a nawet w ma\u0142ych przestrzeniach. Nasze Muck-Truck u\u0142atwiaj\u0105 Ci \u017cycie i s\u0105 idealne dla budownictwa oraz wykonawc\u00f3w. <br>\n                    <br>Nasze taczki typu Muck-Trucks zosta\u0142y zaprojektowane w celu zmniejszenia obci\u0105\u017cenia i podnoszenia ci\u0119\u017car\u00f3w, co jest niezb\u0119dne podczas pracy w bran\u017cy budowlanej. Eliminuje r\u00f3wnie\u017c niepotrzebne wyzwania, poniewa\u017c w\u00f3zek Muck-Truck jest \u0142atwy w manewrowaniu w ciasnych przestrzeniach i mo\u017ce porusza\u0107 si\u0119 po trudnym terenie wok\u00f3\u0142 placu budowy. <br>\n                    <br>W por\u00f3wnaniu ze zwyk\u0142\u0105 taczk\u0105, Muck-Truck zwi\u0119kszy produktywno\u015b\u0107, jednocze\u015bnie znacznie zmniejszaj\u0105c zm\u0119czenie operatora, co czyni go op\u0142acaln\u0105 inwestycj\u0105 na placu budowy. <br>\n                    <br>Jedn\u0105 z atrakcji Muck-Truck jest jego wszechstronno\u015b\u0107. Istniej\u0105 r\u00f3\u017cne akcesoria, kt\u00f3re mo\u017cna \u0142atwo przymocowa\u0107 do ca\u0142ej gamy Muck-Truck, takie jak przystawka p\u0142aska, kt\u00f3ra mo\u017ce pom\u00f3c w przypadku niewygodnych \u0142adunk\u00f3w na placu budowy. Istniej\u0105 r\u00f3wnie\u017c inne akcesoria, kt\u00f3re idealnie nadaj\u0105 si\u0119 do za\u0142adunku kontener\u00f3w, przenoszenia ci\u0119\u017ckich materia\u0142\u00f3w, a nawet mokrego betonu prosto z betoniarki.<br>\n                  <\/p>\n                <\/div>\n              <\/div>\n              <div class=\"u-align-center u-container-style u-image u-image-contain u-layout-cell u-right-cell u-size-23 u-image-1\">\n                <div class=\"u-container-layout u-container-layout-2\"><\/div>\n              <\/div>\n            <\/div>\n          <\/div>\n        <\/div>\n      <\/div>\n    <\/section>\n    <section class=\"u-clearfix u-palette-5-base u-section-3\" id=\"sec-2a64\">\n      <div class=\"u-clearfix u-sheet u-valign-middle u-sheet-1\">\n        <h3 class=\"u-align-center u-text u-text-1\">Potrzebujesz wi\u0119cej informacji? Zadzwo\u0144:<br>\n        <\/h3>\n        <h3 class=\"u-align-center u-text u-text-palette-2-base u-text-2\">(+48)&nbsp;95 752 57 80<br>\n        <\/h3>\n      <\/div>\n    <\/section>\n    <section class=\"u-align-center u-clearfix u-white u-section-4\" id=\"sec-a738\">\n      <div class=\"u-clearfix u-sheet u-sheet-1\">\n        <h2 class=\"u-align-center u-text u-text-palette-5-base u-text-1\">PIERWSI Z POMYS\u0141EM, PIERWSI Z PROJEKTEM<\/h2>\n        <div class=\"u-clearfix u-expanded-width u-gutter-0 u-layout-wrap u-layout-wrap-1\">\n          <div class=\"u-gutter-0 u-layout\">\n            <div class=\"u-layout-row\">\n              <div class=\"u-align-center u-container-style u-layout-cell u-left-cell u-size-12 u-size-20-md u-layout-cell-1\">\n                <div class=\"u-container-layout u-valign-top u-container-layout-1\">\n                  <img decoding=\"async\" src=\"http:\/\/muck-truck.pl\/wp-content\/uploads\/2020\/10\/mucktruck_6cu_dumper.jpg\" alt=\"\" class=\"u-expanded-width u-image u-image-contain u-image-default u-image-1\">\n                  <h3 class=\"u-text u-text-palette-2-base u-text-2\">Muck-Truck\u00ae<br>wywrotka\/\u0142y\u017cka<br>250 kg \/ 170 l<br>\n                  <\/h3>\n                  <p class=\"u-text u-text-3\">Oryginalna mini-wywrotka Muck-Truck\u00ae mo\u017ce przewozi\u0107 250 kg\/ 170 l i wznosi\u0107 si\u0119 na pochy\u0142o\u015b\u0107 30\u00ba przy pe\u0142nym za\u0142adowaniu. To prawdziwy ko\u0144 roboczy, kt\u00f3ry zyskuje zaufanie i uznanie na ca\u0142ym \u015bwiecie. W ci\u0105g\u0142ej produkcji od 30 lat.<\/p>\n                  <a href=\"http:\/\/muck-truck.pl\/index.php\/muck-truck\/\" class=\"u-active-palette-2-base u-border-radius-0 u-btn u-btn-rectangle u-button-style u-hover-custom-color-4 u-palette-2-base u-btn-1\">Wi\u0119cej<\/a>\n                <\/div>\n              <\/div>\n              <div class=\"u-align-center-lg u-align-center-md u-align-center-sm u-align-center-xs u-container-style u-layout-cell u-size-12 u-size-20-md u-layout-cell-2\">\n                <div class=\"u-container-layout u-valign-top u-container-layout-2\">\n                  <img decoding=\"async\" src=\"http:\/\/muck-truck.pl\/wp-content\/uploads\/2020\/10\/maxtruck.jpg\" alt=\"\" class=\"u-expanded-width u-image u-image-contain u-image-default u-image-2\">\n                  <h3 class=\"u-align-center-xl u-text u-text-palette-2-base u-text-4\">Max-Truck\u00ae<br>wywrotka\/\u0142y\u017cka<br>365 KG \/ 225 L\n                  <\/h3>\n                  <p class=\"u-align-center-xl u-text u-text-5\">Max-Truck\u2122 jest najpopularniejszym modelem w wypo\u017cyczalniach, u architekt\u00f3w krajobrazu i budowniczych. Max-Truck\u2122 jest zalecana ze wzgl\u0119d\u00f3w zdrowotnych i bezpiecze\u0144stwa, gdy\u017c zwi\u0119ksza produktywno\u015b\u0107 przy mniejszym zm\u0119czeniu operatora.<\/p>\n                  <a href=\"http:\/\/muck-truck.pl\/index.php\/max-truck\/\" class=\"u-active-palette-2-base u-border-radius-0 u-btn u-btn-rectangle u-button-style u-hover-custom-color-4 u-palette-2-base u-btn-2\">Wi\u0119cej<\/a>\n                <\/div>\n              <\/div>\n              <div class=\"u-align-center-lg u-align-center-xl u-container-style u-layout-cell u-size-12 u-size-20-md u-layout-cell-3\">\n                <div class=\"u-container-layout u-valign-bottom-md u-valign-bottom-sm u-valign-bottom-xs u-valign-top-lg u-valign-top-xl u-container-layout-3\">\n                  <img decoding=\"async\" src=\"http:\/\/muck-truck.pl\/wp-content\/uploads\/2020\/10\/hmax.png\" alt=\"\" class=\"u-expanded-width u-image u-image-contain u-image-default u-image-3\">\n                  <h3 class=\"u-align-center-md u-align-center-sm u-align-center-xs u-text u-text-palette-2-base u-text-6\">H-Max\u2122<br>wywrotka\/\u0142y\u017cka<br>450 kg \/ 280 l<br>\n                  <\/h3>\n                  <p class=\"u-align-center-md u-align-center-sm u-align-center-xs u-text u-text-7\">H-Max\u2122 zapewnia \u0142adowno\u015b\u0107 wi\u0119ksz\u0105 o 25% oraz dodatkowo nap\u0119dzany silnikiem przechy\u0142 \"hydrauliczny\" - ponad standard Max-Truck\u2122. Zbudowana z dodatkowym wzmocnieniem metalowym - wytrzymalszy dla dodatkowego \u0142adunku.<\/p>\n                  <a href=\"http:\/\/muck-truck.pl\/index.php\/h-max\/\" class=\"u-active-palette-2-base u-border-radius-0 u-btn u-btn-rectangle u-button-style u-hover-custom-color-4 u-palette-2-base u-btn-3\">Wi\u0119cej<\/a>\n                <\/div>\n              <\/div>\n              <div class=\"u-align-center-lg u-align-center-xl u-container-style u-layout-cell u-size-12 u-size-30-md u-layout-cell-4\">\n                <div class=\"u-container-layout u-valign-top u-container-layout-4\">\n                  <img decoding=\"async\" src=\"http:\/\/muck-truck.pl\/wp-content\/uploads\/2020\/10\/etruck.jpg\" alt=\"\" class=\"u-expanded-width u-image u-image-contain u-image-default u-image-4\">\n                  <h3 class=\"u-align-center-md u-align-center-sm u-align-center-xs u-text u-text-palette-2-base u-text-8\">E-Truck\u00ae<br>zasilana z akumulatora<br>\n                  <\/h3>\n                  <p class=\"u-align-center-md u-align-center-sm u-align-center-xs u-text u-text-9\">Innowacyjna E-Truck\u00ae ma wszystkie mocne punkty Muck-Truck\u00ae wraz z mo\u017cliwo\u015bci\u0105 pracy w kopalniach, budynkach i innych miejscach, gdzie ha\u0142as lub dym mog\u0105 by\u0107 problemem, jest \u0142atwa w manewrowaniu i kontroli.<\/p>\n                  <a href=\"http:\/\/muck-truck.pl\/index.php\/e-truck\/\" class=\"u-active-palette-2-base u-border-radius-0 u-btn u-btn-rectangle u-button-style u-hover-custom-color-4 u-palette-2-base u-btn-4\">Wi\u0119cej<\/a>\n                <\/div>\n              <\/div>\n              <div class=\"u-align-center-lg u-align-center-md u-align-center-xl u-container-style u-layout-cell u-right-cell u-size-12 u-size-30-md u-layout-cell-5\">\n                <div class=\"u-container-layout u-valign-top-lg u-valign-top-md u-valign-top-xl u-container-layout-5\">\n                  <img decoding=\"async\" src=\"http:\/\/muck-truck.pl\/wp-content\/uploads\/2020\/10\/electricmini.jpg\" alt=\"\" class=\"u-expanded-width-lg u-expanded-width-md u-expanded-width-xl u-image u-image-contain u-image-default u-image-5\">\n                  <h3 class=\"u-align-center-sm u-align-center-xs u-text u-text-palette-2-base u-text-10\">Elektryczna<br>mini-wywrotka 4WD<br>\n                  <\/h3>\n                  <p class=\"u-align-center-sm u-align-center-xs u-text u-text-11\">Nowa taczka z elektrycznym nap\u0119dem 4WD to najnowszy wynalazek Muck-Truck, kt\u00f3ry cechuje si\u0119 nap\u0119dem na cztery ko\u0142a, co czyni j\u0105 \u0142atw\u0105 w manewrowaniu, za\u015b miska przechyla si\u0119 automatycznie dotkni\u0119ciem przycisku.<\/p>\n                  <a href=\"http:\/\/muck-truck.pl\/index.php\/mini-wywrotka-4wd\/\" class=\"u-active-palette-2-base u-border-radius-0 u-btn u-btn-rectangle u-button-style u-hover-custom-color-4 u-palette-2-base u-btn-5\">Wi\u0119cej<\/a>\n                <\/div>\n              <\/div>\n            <\/div>\n          <\/div>\n        <\/div>\n      <\/div>\n    <\/section>\n    \n    \n    \n  \n","protected":false},"excerpt":{"rendered":"<p>Budownictwo Muck-Trucks dla Budownictwa Niezale\u017cnie od tego, czy przewozisz worki z betonem czy gruzem, nic nie zast\u0105pi posiadania samojezdnej taczki w gotowo\u015bci. Nasze taczki typu Muck-Trucks daj\u0105 Ci mo\u017cliwo\u015b\u0107 przewo\u017cenia \u0142adunk\u00f3w, kt\u00f3re mo\u017cesz przemieszcza\u0107 samodzielnie, zamiast przy u\u017cyciu ci\u0119\u017car\u00f3wki lub kilku innych pracownik\u00f3w. W przeciwie\u0144stwie do ci\u0119\u017car\u00f3wki, samojezdna taczka mo\u017ce przemieszcza\u0107 si\u0119 po prawie ka\u017cdym &hellip; <a href=\"https:\/\/muck-truck.pl\/index.php\/budownictwo\/\" class=\"more-link\">Continue reading<span class=\"screen-reader-text\"> &#8222;Budownictwo&#8221;<\/span><\/a><\/p>\n","protected":false},"author":1,"featured_media":0,"parent":0,"menu_order":9,"comment_status":"closed","ping_status":"closed","template":"","meta":{"footnotes":""},"class_list":["post-81","page","type-page","status-publish","hentry"],"_links":{"self":[{"href":"https:\/\/muck-truck.pl\/index.php\/wp-json\/wp\/v2\/pages\/81","targetHints":{"allow":["GET"]}}],"collection":[{"href":"https:\/\/muck-truck.pl\/index.php\/wp-json\/wp\/v2\/pages"}],"about":[{"href":"https:\/\/muck-truck.pl\/index.php\/wp-json\/wp\/v2\/types\/page"}],"author":[{"embeddable":true,"href":"https:\/\/muck-truck.pl\/index.php\/wp-json\/wp\/v2\/users\/1"}],"replies":[{"embeddable":true,"href":"https:\/\/muck-truck.pl\/index.php\/wp-json\/wp\/v2\/comments?post=81"}],"version-history":[{"count":2,"href":"https:\/\/muck-truck.pl\/index.php\/wp-json\/wp\/v2\/pages\/81\/revisions"}],"predecessor-version":[{"id":198,"href":"https:\/\/muck-truck.pl\/index.php\/wp-json\/wp\/v2\/pages\/81\/revisions\/198"}],"wp:attachment":[{"href":"https:\/\/muck-truck.pl\/index.php\/wp-json\/wp\/v2\/media?parent=81"}],"curies":[{"name":"wp","href":"https:\/\/api.w.org\/{rel}","templated":true}]}}