{"id":79,"date":"2020-10-01T11:27:12","date_gmt":"2020-10-01T09:27:12","guid":{"rendered":"http:\/\/muck-truck.pl\/index.php\/rolnictwo-i-lesnictwo\/"},"modified":"2020-10-01T11:50:01","modified_gmt":"2020-10-01T09:50:01","slug":"rolnictwo-i-lesnictwo","status":"publish","type":"page","link":"https:\/\/muck-truck.pl\/index.php\/rolnictwo-i-lesnictwo\/","title":{"rendered":"Rolnictwo i le\u015bnictwo"},"content":{"rendered":"\n  \n    <section class=\"u-clearfix u-custom-color-6 u-section-1\" id=\"sec-510b\">\n      <div class=\"u-clearfix u-sheet u-sheet-1\">\n        <h1 class=\"u-heading-font u-text u-text-palette-5-base u-title u-text-1\">Rolnictwo i le\u015bnictwo<\/h1>\n        <h2 class=\"u-heading-font u-subtitle u-text u-text-white u-text-2\">Muck-Trucks dla RolnictwA i le\u015bnictwA<\/h2>\n      <\/div>\n    <\/section>\n    <section class=\"u-clearfix u-section-2\" id=\"sec-5123\">\n      <div class=\"u-clearfix u-sheet u-valign-middle u-sheet-1\">\n        <div class=\"u-clearfix u-expanded-width u-gutter-10 u-layout-wrap u-layout-wrap-1\">\n          <div class=\"u-gutter-0 u-layout\">\n            <div class=\"u-layout-row\">\n              <div class=\"u-align-justify u-container-style u-layout-cell u-left-cell u-size-37 u-layout-cell-1\">\n                <div class=\"u-container-layout u-valign-top u-container-layout-1\">\n                  <p class=\"u-text u-text-palette-5-base u-text-1\">Przewo\u017cenie ci\u0119\u017car\u00f3w na gospodarstwie jest czym\u015b, czego nie da\nsi\u0119 unikn\u0105\u0107, a u\u017cywanie Muck Truck do obornika pozwoli z\n\u0142atwo\u015bci\u0105 przesuwa\u0107 siano, b\u0142oto, drewno i inne materia\u0142y.\nWytrzyma\u0142e ko\u0142a Muck-Truck oznaczaj\u0105, \u017ce mo\u017cesz pracowa\u0107 w\nka\u017cdych warunkach pogodowych, wiemy, \u017ce farmy mog\u0105 by\u0107 wyj\u0105tkowo\nb\u0142otniste, a te maszyny dzia\u0142aj\u0105 niezawodnie! Wielk\u0105 zalet\u0105\nnaszych w\u00f3zk\u00f3w Muck-Trucks jest fakt, \u017ce mo\u017cesz zabra\u0107 swoj\u0105\nmaszyn\u0119 tam, gdzie nie mog\u0105 dosta\u0107 si\u0119 traktory, co zapewnia\nwydajn\u0105 i szybk\u0105 realizacj\u0119 zada\u0144. <br> W rolnictwie i\nle\u015bnictwie wa\u017cne jest, aby m\u00f3c liczy\u0107 na maszyny, kt\u00f3re\ngwarantuj\u0105 wysokie standardy jako\u015bci, a tak\u017ce zapewniaj\u0105\nbezpiecze\u0144stwo i niezawodno\u015b\u0107. Taczka do obornika oraz drewna\npozwoli Ci przyspieszy\u0107 prac\u0119 w gospodarstwie, co oznacza, \u017ce\nb\u0119dziesz w stanie wykona\u0107 dwa razy wi\u0119cej pracy bezpiecznie i bez\nwysi\u0142ku. Ta maszyna jest niezb\u0119dna dla w\u0142a\u015bcicieli farmy\nzwierz\u0105t, poniewa\u017c pozwala z \u0142atwo\u015bci\u0105 czy\u015bci\u0107 i konserwowa\u0107\nfarmy.<br>\n                    <br> Przystawka do p\u0142uga \u015bnie\u017cnego jest niezb\u0119dna\npodczas pracy w gospodarstwie, poniewa\u017c pomaga w usuwaniu b\u0142ota w\ngospodarstwie i wybiegach. Kolejnym \u015bwietnym dodatkiem jest\npodwy\u017cszenie wywrotki, co oznacza, \u017ce rolnicy mog\u0105 przewozi\u0107\nwi\u0119ksze ilo\u015bci siana i s\u0142omy z jednego miejsca do drugiego.<br>\n                  <\/p>\n                <\/div>\n              <\/div>\n              <div class=\"u-align-center u-container-style u-image u-image-contain u-layout-cell u-right-cell u-size-23 u-image-1\">\n                <div class=\"u-container-layout u-valign-middle u-container-layout-2\"><\/div>\n              <\/div>\n            <\/div>\n          <\/div>\n        <\/div>\n      <\/div>\n    <\/section>\n    <section class=\"u-clearfix u-palette-5-base u-section-3\" id=\"sec-2a64\">\n      <div class=\"u-clearfix u-sheet u-valign-middle u-sheet-1\">\n        <h3 class=\"u-align-center u-text u-text-1\">Potrzebujesz wi\u0119cej informacji? Zadzwo\u0144:<br>\n        <\/h3>\n        <h3 class=\"u-align-center u-text u-text-palette-2-base u-text-2\">(+48)&nbsp;95 752 57 80<br>\n        <\/h3>\n      <\/div>\n    <\/section>\n    <section class=\"u-align-center u-clearfix u-white u-section-4\" id=\"sec-52bc\">\n      <div class=\"u-clearfix u-sheet u-sheet-1\">\n        <h2 class=\"u-align-center u-text u-text-palette-5-base u-text-1\">PIERWSI Z POMYS\u0141EM, PIERWSI Z PROJEKTEM<\/h2>\n        <div class=\"u-clearfix u-expanded-width u-gutter-0 u-layout-wrap u-layout-wrap-1\">\n          <div class=\"u-gutter-0 u-layout\">\n            <div class=\"u-layout-row\">\n              <div class=\"u-align-center u-container-style u-layout-cell u-left-cell u-size-12 u-size-20-md u-layout-cell-1\">\n                <div class=\"u-container-layout u-valign-top u-container-layout-1\">\n                  <img decoding=\"async\" src=\"http:\/\/muck-truck.pl\/wp-content\/uploads\/2020\/10\/mucktruck_6cu_dumper.jpg\" alt=\"\" class=\"u-expanded-width u-image u-image-contain u-image-default u-image-1\">\n                  <h3 class=\"u-text u-text-palette-2-base u-text-2\">Muck-Truck\u00ae<br>wywrotka\/\u0142y\u017cka<br>250 kg \/ 170 l<br>\n                  <\/h3>\n                  <p class=\"u-text u-text-3\">Oryginalna mini-wywrotka Muck-Truck\u00ae mo\u017ce przewozi\u0107 250 kg\/ 170 l i wznosi\u0107 si\u0119 na pochy\u0142o\u015b\u0107 30\u00ba przy pe\u0142nym za\u0142adowaniu. To prawdziwy ko\u0144 roboczy, kt\u00f3ry zyskuje zaufanie i uznanie na ca\u0142ym \u015bwiecie. W ci\u0105g\u0142ej produkcji od 30 lat.<\/p>\n                  <a href=\"http:\/\/muck-truck.pl\/index.php\/muck-truck\/\" class=\"u-active-palette-2-base u-border-radius-0 u-btn u-btn-rectangle u-button-style u-hover-custom-color-4 u-palette-2-base u-btn-1\">Wi\u0119cej<\/a>\n                <\/div>\n              <\/div>\n              <div class=\"u-align-center-lg u-align-center-md u-align-center-sm u-align-center-xs u-container-style u-layout-cell u-size-12 u-size-20-md u-layout-cell-2\">\n                <div class=\"u-container-layout u-valign-top u-container-layout-2\">\n                  <img decoding=\"async\" src=\"http:\/\/muck-truck.pl\/wp-content\/uploads\/2020\/10\/maxtruck.jpg\" alt=\"\" class=\"u-expanded-width u-image u-image-contain u-image-default u-image-2\">\n                  <h3 class=\"u-align-center-xl u-text u-text-palette-2-base u-text-4\">Max-Truck\u00ae<br>wywrotka\/\u0142y\u017cka<br>365 KG \/ 225 L\n                  <\/h3>\n                  <p class=\"u-align-center-xl u-text u-text-5\">Max-Truck\u2122 jest najpopularniejszym modelem w wypo\u017cyczalniach, u architekt\u00f3w krajobrazu i budowniczych. Max-Truck\u2122 jest zalecana ze wzgl\u0119d\u00f3w zdrowotnych i bezpiecze\u0144stwa, gdy\u017c zwi\u0119ksza produktywno\u015b\u0107 przy mniejszym zm\u0119czeniu operatora.<\/p>\n                  <a href=\"http:\/\/muck-truck.pl\/index.php\/max-truck\/\" class=\"u-active-palette-2-base u-border-radius-0 u-btn u-btn-rectangle u-button-style u-hover-custom-color-4 u-palette-2-base u-btn-2\">Wi\u0119cej<\/a>\n                <\/div>\n              <\/div>\n              <div class=\"u-align-center-lg u-align-center-xl u-container-style u-layout-cell u-size-12 u-size-20-md u-layout-cell-3\">\n                <div class=\"u-container-layout u-valign-bottom-md u-valign-bottom-sm u-valign-bottom-xs u-valign-top-lg u-valign-top-xl u-container-layout-3\">\n                  <img decoding=\"async\" src=\"http:\/\/muck-truck.pl\/wp-content\/uploads\/2020\/10\/hmax.png\" alt=\"\" class=\"u-expanded-width u-image u-image-contain u-image-default u-image-3\">\n                  <h3 class=\"u-align-center-md u-align-center-sm u-align-center-xs u-text u-text-palette-2-base u-text-6\">H-Max\u2122<br>wywrotka\/\u0142y\u017cka<br>450 kg \/ 280 l<br>\n                  <\/h3>\n                  <p class=\"u-align-center-md u-align-center-sm u-align-center-xs u-text u-text-7\">H-Max\u2122 zapewnia \u0142adowno\u015b\u0107 wi\u0119ksz\u0105 o 25% oraz dodatkowo nap\u0119dzany silnikiem przechy\u0142 \"hydrauliczny\" - ponad standard Max-Truck\u2122. Zbudowana z dodatkowym wzmocnieniem metalowym - wytrzymalszy dla dodatkowego \u0142adunku.<\/p>\n                  <a href=\"http:\/\/muck-truck.pl\/index.php\/h-max\/\" class=\"u-active-palette-2-base u-border-radius-0 u-btn u-btn-rectangle u-button-style u-hover-custom-color-4 u-palette-2-base u-btn-3\">Wi\u0119cej<\/a>\n                <\/div>\n              <\/div>\n              <div class=\"u-align-center-lg u-align-center-xl u-container-style u-layout-cell u-size-12 u-size-30-md u-layout-cell-4\">\n                <div class=\"u-container-layout u-valign-top u-container-layout-4\">\n                  <img decoding=\"async\" src=\"http:\/\/muck-truck.pl\/wp-content\/uploads\/2020\/10\/etruck.jpg\" alt=\"\" class=\"u-expanded-width u-image u-image-contain u-image-default u-image-4\">\n                  <h3 class=\"u-align-center-md u-align-center-sm u-align-center-xs u-text u-text-palette-2-base u-text-8\">E-Truck\u00ae<br>zasilana z akumulatora<br>\n                  <\/h3>\n                  <p class=\"u-align-center-md u-align-center-sm u-align-center-xs u-text u-text-9\">Innowacyjna E-Truck\u00ae ma wszystkie mocne punkty Muck-Truck\u00ae wraz z mo\u017cliwo\u015bci\u0105 pracy w kopalniach, budynkach i innych miejscach, gdzie ha\u0142as lub dym mog\u0105 by\u0107 problemem, jest \u0142atwa w manewrowaniu i kontroli.<\/p>\n                  <a href=\"http:\/\/muck-truck.pl\/index.php\/e-truck\/\" class=\"u-active-palette-2-base u-border-radius-0 u-btn u-btn-rectangle u-button-style u-hover-custom-color-4 u-palette-2-base u-btn-4\">Wi\u0119cej<\/a>\n                <\/div>\n              <\/div>\n              <div class=\"u-align-center-lg u-align-center-md u-align-center-xl u-container-style u-layout-cell u-right-cell u-size-12 u-size-30-md u-layout-cell-5\">\n                <div class=\"u-container-layout u-valign-top-lg u-valign-top-md u-valign-top-xl u-container-layout-5\">\n                  <img decoding=\"async\" src=\"http:\/\/muck-truck.pl\/wp-content\/uploads\/2020\/10\/electricmini.jpg\" alt=\"\" class=\"u-expanded-width-lg u-expanded-width-md u-expanded-width-xl u-image u-image-contain u-image-default u-image-5\">\n                  <h3 class=\"u-align-center-sm u-align-center-xs u-text u-text-palette-2-base u-text-10\">Elektryczna<br>mini-wywrotka 4WD<br>\n                  <\/h3>\n                  <p class=\"u-align-center-sm u-align-center-xs u-text u-text-11\">Nowa taczka z elektrycznym nap\u0119dem 4WD to najnowszy wynalazek Muck-Truck, kt\u00f3ry cechuje si\u0119 nap\u0119dem na cztery ko\u0142a, co czyni j\u0105 \u0142atw\u0105 w manewrowaniu, za\u015b miska przechyla si\u0119 automatycznie dotkni\u0119ciem przycisku.<\/p>\n                  <a href=\"http:\/\/muck-truck.pl\/index.php\/mini-wywrotka-4wd\/\" class=\"u-active-palette-2-base u-border-radius-0 u-btn u-btn-rectangle u-button-style u-hover-custom-color-4 u-palette-2-base u-btn-5\">Wi\u0119cej<\/a>\n                <\/div>\n              <\/div>\n            <\/div>\n          <\/div>\n        <\/div>\n      <\/div>\n    <\/section>\n    \n    \n    \n  \n","protected":false},"excerpt":{"rendered":"<p>Rolnictwo i le\u015bnictwo Muck-Trucks dla RolnictwA i le\u015bnictwA Przewo\u017cenie ci\u0119\u017car\u00f3w na gospodarstwie jest czym\u015b, czego nie da si\u0119 unikn\u0105\u0107, a u\u017cywanie Muck Truck do obornika pozwoli z \u0142atwo\u015bci\u0105 przesuwa\u0107 siano, b\u0142oto, drewno i inne materia\u0142y. Wytrzyma\u0142e ko\u0142a Muck-Truck oznaczaj\u0105, \u017ce mo\u017cesz pracowa\u0107 w ka\u017cdych warunkach pogodowych, wiemy, \u017ce farmy mog\u0105 by\u0107 wyj\u0105tkowo b\u0142otniste, a te &hellip; <a href=\"https:\/\/muck-truck.pl\/index.php\/rolnictwo-i-lesnictwo\/\" class=\"more-link\">Continue reading<span class=\"screen-reader-text\"> &#8222;Rolnictwo i le\u015bnictwo&#8221;<\/span><\/a><\/p>\n","protected":false},"author":1,"featured_media":0,"parent":0,"menu_order":7,"comment_status":"closed","ping_status":"closed","template":"","meta":{"footnotes":""},"class_list":["post-79","page","type-page","status-publish","hentry"],"_links":{"self":[{"href":"https:\/\/muck-truck.pl\/index.php\/wp-json\/wp\/v2\/pages\/79","targetHints":{"allow":["GET"]}}],"collection":[{"href":"https:\/\/muck-truck.pl\/index.php\/wp-json\/wp\/v2\/pages"}],"about":[{"href":"https:\/\/muck-truck.pl\/index.php\/wp-json\/wp\/v2\/types\/page"}],"author":[{"embeddable":true,"href":"https:\/\/muck-truck.pl\/index.php\/wp-json\/wp\/v2\/users\/1"}],"replies":[{"embeddable":true,"href":"https:\/\/muck-truck.pl\/index.php\/wp-json\/wp\/v2\/comments?post=79"}],"version-history":[{"count":2,"href":"https:\/\/muck-truck.pl\/index.php\/wp-json\/wp\/v2\/pages\/79\/revisions"}],"predecessor-version":[{"id":196,"href":"https:\/\/muck-truck.pl\/index.php\/wp-json\/wp\/v2\/pages\/79\/revisions\/196"}],"wp:attachment":[{"href":"https:\/\/muck-truck.pl\/index.php\/wp-json\/wp\/v2\/media?parent=79"}],"curies":[{"name":"wp","href":"https:\/\/api.w.org\/{rel}","templated":true}]}}