{"id":76,"date":"2020-10-01T11:27:09","date_gmt":"2020-10-01T09:27:09","guid":{"rendered":"http:\/\/muck-truck.pl\/index.php\/zastosowania\/"},"modified":"2020-10-01T11:49:49","modified_gmt":"2020-10-01T09:49:49","slug":"zastosowania","status":"publish","type":"page","link":"https:\/\/muck-truck.pl\/index.php\/zastosowania\/","title":{"rendered":"Zastosowania"},"content":{"rendered":"\n  \n    <section class=\"u-clearfix u-custom-color-6 u-section-1\" id=\"sec-510b\">\n      <div class=\"u-clearfix u-sheet u-sheet-1\">\n        <h1 class=\"u-heading-font u-text u-text-palette-5-base u-title u-text-1\">Zastosowania<\/h1>\n        <h2 class=\"u-heading-font u-subtitle u-text u-text-white u-text-2\">Przyk\u0142adowe zastosowania dla Muck-Trucks<\/h2>\n      <\/div>\n    <\/section>\n    <section class=\"u-align-center u-clearfix u-white u-section-2\" id=\"sec-8acb\">\n      <div class=\"u-clearfix u-sheet u-sheet-1\">\n        <p class=\"u-align-center u-text u-text-1\">Wszystkie produkty Muck-Truck\u00ae wytwarzane s\u0105 w najwy\u017cszej jako\u015bci i specyfikacji, ciesz\u0105 si\u0119 uznaniem na ca\u0142ym \u015bwiecie m.in. w sektorze budownictwa, architekturze krajobrazu, obiektach rekreacyjnych i parkach.<\/p>\n        <div class=\"u-clearfix u-expanded-width u-gutter-0 u-layout-wrap u-layout-wrap-1\">\n          <div class=\"u-layout\">\n            <div class=\"u-layout-row\">\n              <div class=\"u-container-style u-layout-cell u-left-cell u-size-15 u-size-30-md u-layout-cell-1\">\n                <div class=\"u-container-layout u-valign-top u-container-layout-1\">\n                  <img decoding=\"async\" src=\"http:\/\/muck-truck.pl\/wp-content\/uploads\/2020\/10\/maxtruck_usage_1.jpg\" alt=\"\" class=\"u-expanded-width u-image u-image-contain u-image-default u-image-1\">\n                  <h4 class=\"u-align-center u-text u-text-palette-2-base u-text-2\">BUDOWNICTWO<\/h4>\n                  <p class=\"u-align-center u-text u-text-3\">Sample text. Lorem ipsum dolor sit amet, consectetur adipiscing elit nullam nunc justo sagittis suscipit ultrices.<\/p>\n                  <a href=\"http:\/\/muck-truck.pl\/index.php\/budownictwo\/\" class=\"u-active-palette-2-base u-border-radius-0 u-btn u-btn-rectangle u-button-style u-hover-custom-color-4 u-palette-2-base u-btn-1\">Wi\u0119cej<\/a>\n                <\/div>\n              <\/div>\n              <div class=\"u-container-style u-layout-cell u-size-15 u-size-30-md u-layout-cell-2\">\n                <div class=\"u-container-layout u-valign-top u-container-layout-2\">\n                  <img decoding=\"async\" src=\"http:\/\/muck-truck.pl\/wp-content\/uploads\/2020\/10\/maxtruck_usage_22.jpg\" alt=\"\" class=\"u-expanded-width u-image u-image-contain u-image-default u-image-2\">\n                  <h4 class=\"u-align-center u-text u-text-palette-2-base u-text-4\">ARCHITEKTURA KRAJOBRAZU \/ OGRODNICTWO<\/h4>\n                  <p class=\"u-align-center u-text u-text-5\">Sample text. Lorem ipsum dolor sit amet, consectetur adipiscing elit nullam nunc justo sagittis suscipit ultrices.<\/p>\n                  <a href=\"http:\/\/muck-truck.pl\/index.php\/krajobraz-i-ogrodnictwo\/\" class=\"u-active-palette-2-base u-border-radius-0 u-btn u-btn-rectangle u-button-style u-hover-custom-color-4 u-palette-2-base u-btn-2\">Wi\u0119cej<\/a>\n                <\/div>\n              <\/div>\n              <div class=\"u-align-center u-container-style u-layout-cell u-size-15 u-size-30-md u-layout-cell-3\">\n                <div class=\"u-container-layout u-valign-top u-container-layout-3\">\n                  <img decoding=\"async\" src=\"http:\/\/muck-truck.pl\/wp-content\/uploads\/2020\/10\/maxtruck_usage_3.jpg\" alt=\"\" class=\"u-expanded-width u-image u-image-contain u-image-default u-image-3\">\n                  <h4 class=\"u-text u-text-palette-2-base u-text-6\">ROLNICTWO \/ LE\u015aNICTWO<\/h4>\n                  <p class=\"u-text u-text-7\">Sample text. Lorem ipsum dolor sit amet, consectetur adipiscing elit nullam nunc justo sagittis suscipit ultrices.<\/p>\n                  <a href=\"http:\/\/muck-truck.pl\/index.php\/rolnictwo-i-lesnictwo\/\" class=\"u-active-palette-2-base u-border-radius-0 u-btn u-btn-rectangle u-button-style u-hover-custom-color-4 u-palette-2-base u-btn-3\">Wi\u0119cej<\/a>\n                <\/div>\n              <\/div>\n              <div class=\"u-align-center u-container-style u-layout-cell u-right-cell u-size-15 u-size-30-md u-layout-cell-4\">\n                <div class=\"u-container-layout u-valign-top u-container-layout-4\">\n                  <img decoding=\"async\" src=\"http:\/\/muck-truck.pl\/wp-content\/uploads\/2020\/10\/maxtruck_usage_4.jpg\" alt=\"\" class=\"u-expanded-width u-image u-image-contain u-image-default u-image-4\">\n                  <h4 class=\"u-text u-text-palette-2-base u-text-8\">Je\u017adziectwo<\/h4>\n                  <p class=\"u-text u-text-9\">Sample text. Lorem ipsum dolor sit amet, consectetur adipiscing elit nullam nunc justo sagittis suscipit ultrices.<\/p>\n                  <a href=\"http:\/\/muck-truck.pl\/index.php\/jezdziectwo\/\" class=\"u-active-palette-2-base u-border-radius-0 u-btn u-btn-rectangle u-button-style u-hover-custom-color-4 u-palette-2-base u-btn-4\">Wi\u0119cej<\/a>\n                <\/div>\n              <\/div>\n            <\/div>\n          <\/div>\n        <\/div>\n      <\/div>\n    <\/section>\n    <section class=\"u-align-center u-clearfix u-white u-section-3\" id=\"sec-e9ca\">\n      <div class=\"u-clearfix u-sheet u-valign-middle u-sheet-1\">\n        <div class=\"u-clearfix u-expanded-width u-gutter-0 u-layout-wrap u-layout-wrap-1\">\n          <div class=\"u-layout\">\n            <div class=\"u-layout-row\">\n              <div class=\"u-align-center u-container-style u-layout-cell u-left-cell u-size-15 u-size-30-md u-layout-cell-1\">\n                <div class=\"u-container-layout u-valign-middle u-container-layout-1\">\n                  <a href=\"#\" class=\"u-border-1 u-border-custom-color-6 u-border-radius-0 u-btn u-btn-rectangle u-button-style u-custom-color-3 u-btn-1\">\u0141atwe<br>w manewrowaniu\n                  <\/a>\n                <\/div>\n              <\/div>\n              <div class=\"u-align-center u-container-style u-layout-cell u-size-15 u-size-30-md u-layout-cell-2\">\n                <div class=\"u-container-layout u-valign-middle u-container-layout-2\">\n                  <a href=\"#\" class=\"u-border-1 u-border-custom-color-6 u-border-radius-0 u-btn u-btn-rectangle u-button-style u-custom-color-3 u-btn-2\">Bezproblemowe<br>wysypywanie\n                  <\/a>\n                <\/div>\n              <\/div>\n              <div class=\"u-align-center u-container-style u-layout-cell u-size-15 u-size-30-md u-layout-cell-3\">\n                <div class=\"u-container-layout u-valign-middle u-container-layout-3\">\n                  <a href=\"#\" class=\"u-border-1 u-border-custom-color-6 u-border-radius-0 u-btn u-btn-rectangle u-button-style u-custom-color-3 u-btn-3\">Przenoszenie<br>ci\u0119\u017ckiego<br>\u0142adunku\n                  <\/a>\n                <\/div>\n              <\/div>\n              <div class=\"u-align-center u-container-style u-layout-cell u-right-cell u-size-15 u-size-30-md u-layout-cell-4\">\n                <div class=\"u-container-layout u-valign-middle u-container-layout-4\">\n                  <a href=\"#\" class=\"u-border-1 u-border-custom-color-6 u-border-radius-0 u-btn u-btn-rectangle u-button-style u-custom-color-3 u-btn-4\">R\u00f3\u017cne akcesoria<\/a>\n                <\/div>\n              <\/div>\n            <\/div>\n          <\/div>\n        <\/div>\n      <\/div>\n    <\/section>\n    \n    \n    \n  \n","protected":false},"excerpt":{"rendered":"<p>Zastosowania Przyk\u0142adowe zastosowania dla Muck-Trucks Wszystkie produkty Muck-Truck\u00ae wytwarzane s\u0105 w najwy\u017cszej jako\u015bci i specyfikacji, ciesz\u0105 si\u0119 uznaniem na ca\u0142ym \u015bwiecie m.in. w sektorze budownictwa, architekturze krajobrazu, obiektach rekreacyjnych i parkach. BUDOWNICTWO Sample text. Lorem ipsum dolor sit amet, consectetur adipiscing elit nullam nunc justo sagittis suscipit ultrices. Wi\u0119cej ARCHITEKTURA KRAJOBRAZU \/ OGRODNICTWO Sample text. &hellip; <a href=\"https:\/\/muck-truck.pl\/index.php\/zastosowania\/\" class=\"more-link\">Continue reading<span class=\"screen-reader-text\"> &#8222;Zastosowania&#8221;<\/span><\/a><\/p>\n","protected":false},"author":1,"featured_media":0,"parent":0,"menu_order":4,"comment_status":"closed","ping_status":"closed","template":"","meta":{"footnotes":""},"class_list":["post-76","page","type-page","status-publish","hentry"],"_links":{"self":[{"href":"https:\/\/muck-truck.pl\/index.php\/wp-json\/wp\/v2\/pages\/76","targetHints":{"allow":["GET"]}}],"collection":[{"href":"https:\/\/muck-truck.pl\/index.php\/wp-json\/wp\/v2\/pages"}],"about":[{"href":"https:\/\/muck-truck.pl\/index.php\/wp-json\/wp\/v2\/types\/page"}],"author":[{"embeddable":true,"href":"https:\/\/muck-truck.pl\/index.php\/wp-json\/wp\/v2\/users\/1"}],"replies":[{"embeddable":true,"href":"https:\/\/muck-truck.pl\/index.php\/wp-json\/wp\/v2\/comments?post=76"}],"version-history":[{"count":2,"href":"https:\/\/muck-truck.pl\/index.php\/wp-json\/wp\/v2\/pages\/76\/revisions"}],"predecessor-version":[{"id":193,"href":"https:\/\/muck-truck.pl\/index.php\/wp-json\/wp\/v2\/pages\/76\/revisions\/193"}],"wp:attachment":[{"href":"https:\/\/muck-truck.pl\/index.php\/wp-json\/wp\/v2\/media?parent=76"}],"curies":[{"name":"wp","href":"https:\/\/api.w.org\/{rel}","templated":true}]}}