{"id":73,"date":"2020-10-01T11:27:06","date_gmt":"2020-10-01T09:27:06","guid":{"rendered":"http:\/\/muck-truck.pl\/index.php\/h-max\/"},"modified":"2025-03-18T08:23:00","modified_gmt":"2025-03-18T07:23:00","slug":"h-max","status":"publish","type":"page","link":"https:\/\/muck-truck.pl\/index.php\/h-max\/","title":{"rendered":"H-Max"},"content":{"rendered":"\n    \n    <section class=\"u-clearfix u-custom-color-6 u-section-2\" id=\"sec-510b\">\n      <div class=\"u-clearfix u-sheet u-sheet-1\">\n        <h1 class=\"u-heading-font u-text u-text-palette-5-base u-title u-text-1\">Max-Truck&#x2122;<\/h1>\n        <h2 class=\"u-heading-font u-subtitle u-text u-text-white u-text-2\">wywrotka\/\u0142y\u017cka 365 kg \/ 280 l<\/h2>\n      <\/div>\n    <\/section>\n    <section class=\"u-clearfix u-section-3\" id=\"sec-be8c\">\n      <div class=\"u-clearfix u-sheet u-sheet-1\">\n        <div class=\"data-layout-selected u-clearfix u-expanded-width u-layout-wrap u-layout-wrap-1\">\n          <div class=\"u-layout\">\n            <div class=\"u-layout-row\">\n              <div class=\"u-container-style u-layout-cell u-left-cell u-size-25 u-layout-cell-1\">\n                <div class=\"u-container-layout u-container-layout-1\">\n                  <h3 class=\"u-text u-text-palette-5-base u-text-1\">Opis<\/h3>\n                  <p class=\"u-text u-text-2\">H-Max&#x2122; zapewnia \u0142adowno\u015b\u0107 wi\u0119ksz\u0105 o 25% oraz dodatkowo nap\u0119dzany silnikiem przechy\u0142 \"hydrauliczny\" - ponad standard Max-Truck&#x2122;. <br>\n                    <br>Mo\u017ce przewozi\u0107 365 kg\/ t. sze\u015bc. i wznosi\u0107 si\u0119 na pochy\u0142o\u015b\u0107 30&nbsp; przy pe\u0142nym za\u0142adowaniu. <br>\n                    <br>Maszyna jest wyposa\u017cona w 5,5 KM silnik Honda GXV klasy komercyjnej, za\u015b o\u015b transmisji nap\u0119du ma 3 biegi w prz\u00f3d i 1 wstecz - ten sam silnik i skrzynia bieg\u00f3w, jak Muck-Truck\u00ae i Max-Truck&#x2122; , jako \u017ce zosta\u0142y one wypr\u00f3bowane i przetestowane przez 30 lat.&nbsp; \n                  <\/p>\n                  <a href=\"#\" class=\"u-active-palette-2-base u-border-radius-0 u-btn u-btn-rectangle u-button-style u-hover-custom-color-4 u-palette-2-base u-btn-1\">Pobierz Instrukcj\u0119<\/a>\n                <\/div>\n              <\/div>\n              <div class=\"u-align-left u-container-align-left u-container-style u-layout-cell u-size-20 u-layout-cell-2\">\n                <div class=\"u-container-layout u-valign-middle u-container-layout-2\">\n                  <div class=\"u-carousel u-expanded-width u-gallery u-layout-carousel u-lightbox u-no-transition u-show-text-none u-gallery-1\" id=\"carousel-6048\" data-interval=\"5000\" data-u-ride=\"carousel\">\n                    <ol class=\"u-absolute-hcenter u-carousel-indicators u-hidden u-carousel-indicators-1\">\n                      <li data-u-target=\"#carousel-6048\" data-u-slide-to=\"0\" class=\"u-active u-palette-2-base u-shape-rectangle\" style=\"width: 30px; height: 3px;\"><\/li>\n                      <li data-u-target=\"#carousel-6048\" data-u-slide-to=\"1\" class=\"u-palette-2-base u-shape-rectangle\" style=\"width: 30px; height: 3px;\"><\/li>\n                    <\/ol>\n                    <div class=\"u-carousel-inner u-gallery-inner u-gallery-inner-1\" role=\"listbox\">\n                      <div class=\"active u-active u-carousel-item u-gallery-item\">\n                        <div class=\"u-back-slide\">\n                          <img decoding=\"async\" class=\"u-back-image u-expanded u-image-contain\" src=\"https:\/\/muck-truck.pl\/wp-content\/uploads\/2020\/10\/hmax1.png\">\n                        <\/div>\n                        <div class=\"u-over-slide u-over-slide-1\">\n                          <h3 class=\"u-gallery-heading\">Sample Title<\/h3>\n                          <p class=\"u-gallery-text\">Sample Text<\/p>\n                        <\/div>\n                      <\/div>\n                    <\/div>\n                    <a class=\"u-absolute-vcenter u-carousel-control u-carousel-control-prev u-hidden u-icon-circle u-opacity u-opacity-70 u-text-palette-2-base u-carousel-control-1\" href=\"#carousel-6048\" role=\"button\" data-u-slide=\"prev\">\n                      <span aria-hidden=\"true\">\n                        <svg viewBox=\"0 0 451.847 451.847\"><path d=\"M97.141,225.92c0-8.095,3.091-16.192,9.259-22.366L300.689,9.27c12.359-12.359,32.397-12.359,44.751,0\nc12.354,12.354,12.354,32.388,0,44.748L173.525,225.92l171.903,171.909c12.354,12.354,12.354,32.391,0,44.744\nc-12.354,12.365-32.386,12.365-44.745,0l-194.29-194.281C100.226,242.115,97.141,234.018,97.141,225.92z\"><\/path><\/svg>\n                      <\/span>\n                      <span class=\"sr-only\">\n                        <svg viewBox=\"0 0 451.847 451.847\"><path d=\"M97.141,225.92c0-8.095,3.091-16.192,9.259-22.366L300.689,9.27c12.359-12.359,32.397-12.359,44.751,0\nc12.354,12.354,12.354,32.388,0,44.748L173.525,225.92l171.903,171.909c12.354,12.354,12.354,32.391,0,44.744\nc-12.354,12.365-32.386,12.365-44.745,0l-194.29-194.281C100.226,242.115,97.141,234.018,97.141,225.92z\"><\/path><\/svg>\n                      <\/span>\n                    <\/a>\n                    <a class=\"u-absolute-vcenter u-carousel-control u-carousel-control-next u-hidden u-icon-circle u-opacity u-opacity-70 u-text-palette-2-base u-carousel-control-2\" href=\"#carousel-6048\" role=\"button\" data-u-slide=\"next\">\n                      <span aria-hidden=\"true\">\n                        <svg viewBox=\"0 0 451.846 451.847\"><path d=\"M345.441,248.292L151.154,442.573c-12.359,12.365-32.397,12.365-44.75,0c-12.354-12.354-12.354-32.391,0-44.744\nL278.318,225.92L106.409,54.017c-12.354-12.359-12.354-32.394,0-44.748c12.354-12.359,32.391-12.359,44.75,0l194.287,194.284\nc6.177,6.18,9.262,14.271,9.262,22.366C354.708,234.018,351.617,242.115,345.441,248.292z\"><\/path><\/svg>\n                      <\/span>\n                      <span class=\"sr-only\">\n                        <svg viewBox=\"0 0 451.846 451.847\"><path d=\"M345.441,248.292L151.154,442.573c-12.359,12.365-32.397,12.365-44.75,0c-12.354-12.354-12.354-32.391,0-44.744\nL278.318,225.92L106.409,54.017c-12.354-12.359-12.354-32.394,0-44.748c12.354-12.359,32.391-12.359,44.75,0l194.287,194.284\nc6.177,6.18,9.262,14.271,9.262,22.366C354.708,234.018,351.617,242.115,345.441,248.292z\"><\/path><\/svg>\n                      <\/span>\n                    <\/a>\n                  <\/div>\n                <\/div>\n              <\/div>\n              <div class=\"u-container-style u-layout-cell u-palette-5-base u-right-cell u-size-15 u-layout-cell-3\">\n                <div class=\"u-container-layout u-valign-middle u-container-layout-3\">\n                  <p class=\"u-text u-text-3\">Technika wywrotki hydraulicznej u\u0142atwia prac\u0119: po prostu popchnij d\u017awigni\u0119 do przodu<\/p>\n                  <div class=\"u-border-1 u-border-white u-expanded-width u-line u-line-horizontal u-line-1\"><\/div>\n                  <p class=\"u-text u-text-4\">Zbudowana z dodatkowym wzmocnieniem metalowym - wytrzymalsza dla dodatkowego \u0142adunku<\/p>\n                  <div class=\"u-border-1 u-border-white u-expanded-width u-line u-line-horizontal u-line-2\"><\/div>\n                  <p class=\"u-text u-text-5\">Wywa\u017cony rozk\u0142ad \u0142adunku i d\u0142u\u017csze r\u0119koje\u015bci do kierowania tak samo, jak w ca\u0142y zakresie Muck-Truck\u00ae.<\/p>\n                  <div class=\"u-border-1 u-border-white u-expanded-width u-line u-line-horizontal u-line-3\"><\/div>\n                  <p class=\"u-text u-text-6\">Mierzy 737 mm szeroko\u015bci, 1829 mm d\u0142ugo\u015bci dla \u0142atwego dost\u0119pu na miejscu<\/p>\n                  <div class=\"u-border-1 u-border-white u-expanded-width u-line u-line-horizontal u-line-4\"><\/div>\n                  <p class=\"u-text u-text-7\">Wszystkie cz\u0119\u015bci metalowe s\u0105 ci\u0119te laserowo i malowane proszkowo dla idealnego wyko\u0144czenia<\/p>\n                <\/div>\n              <\/div>\n            <\/div>\n          <\/div>\n        <\/div>\n      <\/div>\n    <\/section>\n    <section class=\"u-clearfix u-section-4\" id=\"sec-a3ce\">\n      <div class=\"u-clearfix u-sheet u-valign-middle u-sheet-1\">\n        <h3 class=\"u-text u-text-1\">Specyfikacja<\/h3>\n      <\/div>\n    <\/section>\n    <section class=\"u-clearfix u-section-5\" id=\"sec-82a2\">\n      <div class=\"u-clearfix u-sheet u-sheet-1\">\n        <div class=\"data-layout-selected u-clearfix u-expanded-width u-layout-wrap u-layout-wrap-1\">\n          <div class=\"u-layout\">\n            <div class=\"u-layout-row\">\n              <div class=\"u-container-style u-layout-cell u-left-cell u-size-37 u-layout-cell-1\">\n                <div class=\"u-container-layout u-valign-top u-container-layout-1\">\n                  <div class=\"u-expanded-width u-table u-table-responsive u-table-1\">\n                    <table class=\"u-table-entity\">\n                      <colgroup>\n                        <col width=\"39.8%\">\n                        <col width=\"60.2%\">\n                      <\/colgroup>\n                      <tbody class=\"u-align-right u-table-body u-table-body-1\">\n                        <tr style=\"height: 43px;\">\n                          <td class=\"u-align-right u-table-cell u-table-cell-1\">Model:<\/td>\n                          <td class=\"u-align-left u-table-cell\">H-Max&#x2122;<\/td>\n                        <\/tr>\n                        <tr style=\"height: 43px;\">\n                          <td class=\"u-align-right u-table-cell u-table-cell-3\">Silnik:<\/td>\n                          <td class=\"u-align-left u-table-cell\">Honda GXV 160 komercyjny 5,5 KM <\/td>\n                        <\/tr>\n                        <tr style=\"height: 50px;\">\n                          <td class=\"u-align-right u-table-cell u-table-cell-5\">Skrzynia bieg\u00f3w:<\/td>\n                          <td class=\"u-align-left u-table-cell\">3 w prz\u00f3d \/ 1 wstecz <\/td>\n                        <\/tr>\n                        <tr style=\"height: 43px;\">\n                          <td class=\"u-align-right u-table-cell u-table-cell-7\">Pr\u0119dko\u015b\u0107:<\/td>\n                          <td class=\"u-align-left u-table-cell\">0-5,6 km\/h <\/td>\n                        <\/tr>\n                        <tr style=\"height: 43px;\">\n                          <td class=\"u-align-right u-table-cell u-table-cell-9\">Paliwo:<\/td>\n                          <td class=\"u-align-left u-table-cell\">Benzyna bezo\u0142owiowa <\/td>\n                        <\/tr>\n                        <tr style=\"height: 43px;\">\n                          <td class=\"u-align-right u-table-cell u-table-cell-11\">Wydajno\u015b\u0107:<\/td>\n                          <td class=\"u-align-left u-table-cell\">365 kg \u0142adowno\u015bci \/ 280 l<\/td>\n                        <\/tr>\n                        <tr style=\"height: 26px;\">\n                          <td class=\"u-align-right u-table-cell u-table-cell-13\">Wska\u017anik poziomu ha\u0142asu:<\/td>\n                          <td class=\"u-align-left u-table-cell\">do 98 dB <\/td>\n                        <\/tr>\n                        <tr style=\"height: 30px;\">\n                          <td class=\"u-align-right u-table-cell u-table-cell-15\">Hamulec postojowy:<\/td>\n                          <td class=\"u-align-left u-table-cell\">Tarczowy <\/td>\n                        <\/tr>\n                        <tr style=\"height: 27px;\">\n                          <td class=\"u-align-right u-table-cell u-table-cell-17\">Ko\u0142a:<\/td>\n                          <td class=\"u-align-left u-table-cell\">4x 400x10, 4-warstwowe trakcyjne <\/td>\n                        <\/tr>\n                        <tr style=\"height: 43px;\">\n                          <td class=\"u-align-right u-table-cell u-table-cell-19\">Wymiary:<\/td>\n                          <td class=\"u-align-left u-table-cell\">d\u0142.) 1830 mm x (sz.) 735 mm x (wys.) 1070 mm <\/td>\n                        <\/tr>\n                        <tr style=\"height: 43px;\">\n                          <td class=\"u-align-right u-table-cell u-table-cell-21\">Waga:<\/td>\n                          <td class=\"u-align-left u-table-cell\">Nieza\u0142adowana - 182 kg <\/td>\n                        <\/tr>\n                        <tr style=\"height: 43px;\">\n                          <td class=\"u-align-right u-table-cell u-table-cell-23\">Trakcja:<\/td>\n                          <td class=\"u-align-left u-table-cell\">Nap\u0119d na 4 ko\u0142a <\/td>\n                        <\/tr>\n                      <\/tbody>\n                    <\/table>\n                  <\/div>\n                <\/div>\n              <\/div>\n              <div class=\"u-align-justify u-container-style u-layout-cell u-right-cell u-size-23 u-layout-cell-2\">\n                <div class=\"u-container-layout u-valign-top u-container-layout-2\">\n                  <p class=\"u-text u-text-default u-text-1\">H-Max&#x2122; mo\u017ce przewozi\u0107 365 kg \/ 280 l i wznosi\u0107 si\u0119 na pochy\u0142o\u015b\u0107 30o&nbsp; przy pe\u0142nym za\u0142adowaniu. Silnik jest wyposa\u017cony w 5,5 KM silnik Honda GXV klasy komercyjnej. O\u015b transmisji nap\u0119du ma 3 biegi w prz\u00f3d i 1 wstecz. Tak, H-Max&#x2122; pracuje z tym samym silnikiem i przek\u0142adni\u0105, jak Muck-Truck\u00ae i Max-Truck\u00ae, gdy\u017c zosta\u0142y wypr\u00f3bowane i przetestowane przez 30 lat. <br>\n                    <br>Tym, co nadaje H-Max&#x2122; specjalny charakter, jest hydrauliczna technika przechy\u0142u, u\u0142atwiaj\u0105ca prac\u0119, po prostu przez popchni\u0119cie d\u017awigni hydraulicznej do przodu. <br>\n                    <br>H-Max&#x2122; jest budowana z dodatkow\u0105 metalow\u0105 konstrukcj\u0105 wzmacniaj\u0105c\u0105, co powoduje, \u017ce maszyna jest wytrzymalsza\/mocniejsza dla du\u017cych obci\u0105\u017ce\u0144. Wywa\u017cony rozk\u0142ad \u0142adunku i d\u0142u\u017csze r\u0119koje\u015bci do kierowania tak samo, jak w ca\u0142y zakresie Muck-Truck\u00ae. \n                  <\/p>\n                <\/div>\n              <\/div>\n            <\/div>\n          <\/div>\n        <\/div>\n      <\/div>\n    <\/section>\n    <section class=\"u-clearfix u-palette-5-base u-section-6\" id=\"sec-2a64\">\n      <div class=\"u-clearfix u-sheet u-valign-middle u-sheet-1\">\n        <h3 class=\"u-align-center u-text u-text-1\">Potrzebujesz wi\u0119cej informacji? Zadzwo\u0144:<br>\n        <\/h3>\n        <h3 class=\"u-align-center u-text u-text-palette-2-base u-text-2\">(+48)&nbsp;95 752 57 80<br>\n        <\/h3>\n      <\/div>\n    <\/section>\n    <section class=\"u-align-center u-clearfix u-container-align-center u-white u-section-7\" id=\"sec-d0ff\">\n      <div class=\"u-clearfix u-sheet u-sheet-1\">\n        <h2 class=\"u-align-center u-text u-text-palette-5-base u-text-1\">PIERWSI Z POMYS\u0141EM, PIERWSI Z PROJEKTEM<\/h2>\n        <div class=\"data-layout-selected u-clearfix u-expanded-width u-gutter-0 u-layout-wrap u-layout-wrap-1\">\n          <div class=\"u-gutter-0 u-layout\">\n            <div class=\"u-layout-row\">\n              <div class=\"u-align-center u-container-align-center u-container-style u-layout-cell u-left-cell u-size-15 u-layout-cell-1\">\n                <div class=\"u-container-layout u-valign-top-lg u-valign-top-md u-valign-top-sm u-valign-top-xs u-container-layout-1\">\n                  <img decoding=\"async\" src=\"https:\/\/muck-truck.pl\/wp-content\/uploads\/2020\/10\/mucktruck_6cu_dumper.jpg\" alt=\"\" class=\"u-expanded-width u-image u-image-contain u-image-default u-image-1\">\n                  <h3 class=\"u-text u-text-palette-2-base u-text-2\">Muck-Truck\u00ae<br>wywrotka\/\u0142y\u017cka<br>250 kg \/ 170 l<br>\n                  <\/h3>\n                  <p class=\"u-text u-text-3\">Oryginalna mini-wywrotka Muck-Truck\u00ae mo\u017ce przewozi\u0107 250 kg\/ 170 l i wznosi\u0107 si\u0119 na pochy\u0142o\u015b\u0107 30\u00ba przy pe\u0142nym za\u0142adowaniu. To prawdziwy ko\u0144 roboczy, kt\u00f3ry zyskuje zaufanie i uznanie na ca\u0142ym \u015bwiecie. W ci\u0105g\u0142ej produkcji od 30 lat.<\/p>\n                  <a href=\"https:\/\/muck-truck.pl\/index.php\/muck-truck\/\" class=\"u-active-palette-2-base u-border-radius-0 u-btn u-btn-rectangle u-button-style u-hover-custom-color-4 u-palette-2-base u-btn-1\">Wi\u0119cej<\/a>\n                <\/div>\n              <\/div>\n              <div class=\"u-align-center-lg u-align-center-md u-align-center-sm u-align-center-xs u-container-style u-layout-cell u-size-15 u-layout-cell-2\">\n                <div class=\"u-container-layout u-valign-top-lg u-valign-top-md u-valign-top-sm u-valign-top-xs u-container-layout-2\">\n                  <img decoding=\"async\" src=\"https:\/\/muck-truck.pl\/wp-content\/uploads\/2020\/10\/maxtruck.jpg\" alt=\"\" class=\"u-expanded-width u-image u-image-contain u-image-default u-image-2\">\n                  <h3 class=\"u-align-center-xl u-text u-text-palette-2-base u-text-4\">Max-Truck\u00ae<br>wywrotka\/\u0142y\u017cka<br>365 KG \/ 225 L \n                  <\/h3>\n                  <p class=\"u-align-center-xl u-text u-text-5\">Max-Truck&#x2122; jest najpopularniejszym modelem w wypo\u017cyczalniach, u architekt\u00f3w krajobrazu i budowniczych. Max-Truck&#x2122; jest zalecana ze wzgl\u0119d\u00f3w zdrowotnych i bezpiecze\u0144stwa, gdy\u017c zwi\u0119ksza produktywno\u015b\u0107 przy mniejszym zm\u0119czeniu operatora.<\/p>\n                  <a href=\"https:\/\/muck-truck.pl\/index.php\/max-truck\/\" class=\"u-active-palette-2-base u-border-radius-0 u-btn u-btn-rectangle u-button-style u-hover-custom-color-4 u-palette-2-base u-btn-2\">Wi\u0119cej<\/a>\n                <\/div>\n              <\/div>\n              <div class=\"u-align-center-lg u-align-center-xl u-container-style u-layout-cell u-size-15 u-layout-cell-3\">\n                <div class=\"u-container-layout u-valign-bottom-md u-valign-bottom-sm u-valign-bottom-xs u-valign-top-lg u-container-layout-3\">\n                  <img decoding=\"async\" src=\"https:\/\/muck-truck.pl\/wp-content\/uploads\/2020\/10\/hmax.png\" alt=\"\" class=\"u-expanded-width u-image u-image-contain u-image-default u-image-3\">\n                  <h3 class=\"u-align-center-md u-align-center-sm u-align-center-xs u-text u-text-palette-2-base u-text-6\">H-Max&#x2122;<br>wywrotka\/\u0142y\u017cka<br>365 kg \/ 280 l<br>\n                  <\/h3>\n                  <p class=\"u-align-center-md u-align-center-sm u-align-center-xs u-text u-text-7\">H-Max&#x2122; zapewnia \u0142adowno\u015b\u0107 wi\u0119ksz\u0105 o 25% oraz dodatkowo nap\u0119dzany silnikiem przechy\u0142 \"hydrauliczny\" - ponad standard Max-Truck&#x2122;. Zbudowana z dodatkowym wzmocnieniem metalowym - wytrzymalszy dla dodatkowego \u0142adunku.<\/p>\n                  <a href=\"https:\/\/muck-truck.pl\/index.php\/h-max\/\" class=\"u-active-palette-2-base u-border-radius-0 u-btn u-btn-rectangle u-button-style u-hover-custom-color-4 u-palette-2-base u-btn-3\">Wi\u0119cej<\/a>\n                <\/div>\n              <\/div>\n              <div class=\"u-align-center-lg u-align-center-xl u-container-style u-layout-cell u-size-15 u-layout-cell-4\">\n                <div class=\"u-container-layout u-valign-top-lg u-valign-top-md u-valign-top-sm u-valign-top-xs u-container-layout-4\">\n                  <img decoding=\"async\" class=\"u-expanded-width u-image u-image-contain u-image-default u-image-4\" src=\"https:\/\/muck-truck.pl\/wp-content\/uploads\/2025\/03\/PB4WD-II-Side_298cd179dd39b053bc274b01f2569d63.png\" alt=\"\" data-image-width=\"800\" data-image-height=\"600\">\n                  <h3 class=\"u-align-center-md u-align-center-sm u-align-center-xs u-text u-text-palette-2-base u-text-8\">Power Barrow 4WD II 365 kg&nbsp;<\/h3>\n                  <p class=\"u-text u-text-9\">Nowa taczka z elektrycznym nap\u0119dem 4WD to najnowszy wynalazek Muck-Truck, kt\u00f3ry cechuje si\u0119 nap\u0119dem na cztery ko\u0142a, co czyni j\u0105 \u0142atw\u0105 w manewrowaniu, za\u015b miska przechyla si\u0119 automatycznie dotkni\u0119ciem przycisku. <\/p>\n                  <a href=\"https:\/\/muck-truck.pl\/index.php\/power-barrow-4wd-ii\/\" class=\"u-active-palette-2-base u-border-radius-0 u-btn u-btn-rectangle u-button-style u-hover-custom-color-4 u-palette-2-base u-btn-4\">Wi\u0119cej<\/a>\n                <\/div>\n              <\/div>\n            <\/div>\n          <\/div>\n        <\/div>\n      <\/div>\n    <\/section>\n    \n    \n    \n    \n  \n","protected":false},"excerpt":{"rendered":"<p>Max-Truck&#x2122; wywrotka\/\u0142y\u017cka 365 kg \/ 280 l Opis H-Max&#x2122; zapewnia \u0142adowno\u015b\u0107 wi\u0119ksz\u0105 o 25% oraz dodatkowo nap\u0119dzany silnikiem przechy\u0142 &#8222;hydrauliczny&#8221; &#8211; ponad standard Max-Truck&#x2122;. Mo\u017ce przewozi\u0107 365 kg\/ t. sze\u015bc. i wznosi\u0107 si\u0119 na pochy\u0142o\u015b\u0107 30&nbsp; przy pe\u0142nym za\u0142adowaniu. Maszyna jest wyposa\u017cona w 5,5 KM silnik Honda GXV klasy komercyjnej, za\u015b o\u015b transmisji nap\u0119du ma &hellip; <a href=\"https:\/\/muck-truck.pl\/index.php\/h-max\/\" class=\"more-link\">Continue reading<span class=\"screen-reader-text\"> &#8222;H-Max&#8221;<\/span><\/a><\/p>\n","protected":false},"author":1,"featured_media":0,"parent":0,"menu_order":1,"comment_status":"closed","ping_status":"closed","template":"","meta":{"footnotes":""},"class_list":["post-73","page","type-page","status-publish","hentry"],"_links":{"self":[{"href":"https:\/\/muck-truck.pl\/index.php\/wp-json\/wp\/v2\/pages\/73","targetHints":{"allow":["GET"]}}],"collection":[{"href":"https:\/\/muck-truck.pl\/index.php\/wp-json\/wp\/v2\/pages"}],"about":[{"href":"https:\/\/muck-truck.pl\/index.php\/wp-json\/wp\/v2\/types\/page"}],"author":[{"embeddable":true,"href":"https:\/\/muck-truck.pl\/index.php\/wp-json\/wp\/v2\/users\/1"}],"replies":[{"embeddable":true,"href":"https:\/\/muck-truck.pl\/index.php\/wp-json\/wp\/v2\/comments?post=73"}],"version-history":[{"count":6,"href":"https:\/\/muck-truck.pl\/index.php\/wp-json\/wp\/v2\/pages\/73\/revisions"}],"predecessor-version":[{"id":2084,"href":"https:\/\/muck-truck.pl\/index.php\/wp-json\/wp\/v2\/pages\/73\/revisions\/2084"}],"wp:attachment":[{"href":"https:\/\/muck-truck.pl\/index.php\/wp-json\/wp\/v2\/media?parent=73"}],"curies":[{"name":"wp","href":"https:\/\/api.w.org\/{rel}","templated":true}]}}