{"id":260,"date":"2020-11-04T13:16:52","date_gmt":"2020-11-04T12:16:52","guid":{"rendered":"http:\/\/muck-truck.pl\/index.php\/wspolpraca-copy\/"},"modified":"2022-08-25T12:54:46","modified_gmt":"2022-08-25T10:54:46","slug":"wspolpraca-copy","status":"publish","type":"page","link":"https:\/\/muck-truck.pl\/index.php\/wspolpraca-copy\/","title":{"rendered":"Video"},"content":{"rendered":"\n    \n    <section class=\"u-clearfix u-custom-color-6 u-section-2\" id=\"sec-510b\">\n      <div class=\"u-clearfix u-sheet u-sheet-1\">\n        <h1 class=\"u-heading-font u-text u-text-palette-5-base u-title u-text-1\">Video - MUCK TRUCK W AKCJI<br>\n        <\/h1>\n      <\/div>\n    <\/section>\n    <section class=\"u-clearfix u-section-3\" id=\"sec-0c93\">\n      <div class=\"u-clearfix u-sheet u-sheet-1\"><\/div>\n    <\/section>\n    <section class=\"u-clearfix u-section-4\" id=\"sec-b886\">\n      <div class=\"u-clearfix u-sheet u-sheet-1\">\n        <div class=\"u-clearfix u-expanded-width u-gutter-50 u-layout-wrap u-layout-wrap-1\">\n          <div class=\"u-layout\">\n            <div class=\"u-layout-row\">\n              <div class=\"u-align-left u-container-style u-layout-cell u-left-cell u-size-30 u-layout-cell-1\">\n                <div class=\"u-container-layout u-container-layout-1\">\n                  <div class=\"u-expanded u-video\">\n                    <div style=\" position: absolute;width:178%;left:-39%;height:178%;top:-39%\" class=\"embed-responsive\">\n                      <iframe style=\"position: absolute;top: 0;left: 0;width: 100%;height: 100%;\" class=\"embed-responsive-item\" src=\"https:\/\/www.youtube-nocookie.com\/embed\/VnQ7MM70E1k?mute=0&amp;showinfo=0&amp;controls=0&amp;start=0\" allowfullscreen=\"\" frameborder=\"0\"><\/iframe>\n                    <\/div>\n                  <\/div>\n                <\/div>\n              <\/div>\n              <div class=\"u-align-left u-container-style u-layout-cell u-right-cell u-size-30 u-layout-cell-2\">\n                <div class=\"u-container-layout u-valign-middle u-container-layout-2\">\n                  <h2 class=\"u-text u-text-1\">Muck Truck &amp; Sherpa<\/h2>\n                <\/div>\n              <\/div>\n            <\/div>\n          <\/div>\n        <\/div>\n      <\/div>\n    <\/section>\n    <section class=\"u-clearfix u-section-5\" id=\"carousel_5273\">\n      <div class=\"u-clearfix u-sheet u-sheet-1\">\n        <div class=\"u-clearfix u-expanded-width u-gutter-50 u-layout-wrap u-layout-wrap-1\">\n          <div class=\"u-layout\">\n            <div class=\"u-layout-row\">\n              <div class=\"u-align-left u-container-style u-layout-cell u-left-cell u-size-30 u-layout-cell-1\">\n                <div class=\"u-container-layout u-container-layout-1\">\n                  <div class=\"u-expanded u-video\">\n                    <div style=\" position: absolute;width:178%;left:-39%;height:178%;top:-39%\" class=\"embed-responsive\">\n                      <iframe style=\"position: absolute;top: 0;left: 0;width: 100%;height: 100%;\" class=\"embed-responsive-item\" src=\"https:\/\/www.youtube-nocookie.com\/embed\/syT0QnVh0J4?mute=0&amp;showinfo=0&amp;controls=0&amp;start=0\" allowfullscreen=\"\" frameborder=\"0\"><\/iframe>\n                    <\/div>\n                  <\/div>\n                <\/div>\n              <\/div>\n              <div class=\"u-align-left u-container-style u-layout-cell u-right-cell u-size-30 u-layout-cell-2\">\n                <div class=\"u-container-layout u-valign-middle u-container-layout-2\">\n                  <h2 class=\"u-text u-text-1\">ZASTOSOWANIE MAX TRUCK W PRAKTYCE<br>\n                  <\/h2>\n                <\/div>\n              <\/div>\n            <\/div>\n          <\/div>\n        <\/div>\n      <\/div>\n    <\/section>\n    <section class=\"u-clearfix u-section-6\" id=\"sec-2e9d\">\n      <div class=\"u-clearfix u-sheet u-sheet-1\">\n        <div class=\"u-clearfix u-expanded-width u-gutter-50 u-layout-wrap u-layout-wrap-1\">\n          <div class=\"u-layout\">\n            <div class=\"u-layout-row\">\n              <div class=\"u-align-left u-container-style u-layout-cell u-left-cell u-size-30 u-layout-cell-1\">\n                <div class=\"u-container-layout u-container-layout-1\">\n                  <div class=\"u-expanded u-video\">\n                    <div style=\" position: absolute;width:178%;left:-39%;height:178%;top:-39%\" class=\"embed-responsive\">\n                      <iframe style=\"position: absolute;top: 0;left: 0;width: 100%;height: 100%;\" class=\"embed-responsive-item\" src=\"https:\/\/www.youtube-nocookie.com\/embed\/AhVPwNiMNU8?mute=0&amp;showinfo=0&amp;controls=0&amp;start=0\" allowfullscreen=\"\" frameborder=\"0\"><\/iframe>\n                    <\/div>\n                  <\/div>\n                <\/div>\n              <\/div>\n              <div class=\"u-align-left u-container-style u-layout-cell u-right-cell u-size-30 u-layout-cell-2\">\n                <div class=\"u-container-layout u-valign-middle u-container-layout-2\">\n                  <h2 class=\"u-text u-text-1\">Wymiana akcesorium<br>\n                  <\/h2>\n                <\/div>\n              <\/div>\n            <\/div>\n          <\/div>\n        <\/div>\n      <\/div>\n    <\/section>\n    <section class=\"u-clearfix u-section-7\" id=\"sec-c6ff\">\n      <div class=\"u-clearfix u-sheet u-sheet-1\">\n        <div class=\"u-clearfix u-expanded-width u-gutter-50 u-layout-wrap u-layout-wrap-1\">\n          <div class=\"u-layout\">\n            <div class=\"u-layout-row\">\n              <div class=\"u-align-left u-container-style u-layout-cell u-left-cell u-size-30 u-layout-cell-1\">\n                <div class=\"u-container-layout u-container-layout-1\">\n                  <div class=\"u-expanded u-video\">\n                    <div style=\" position: absolute;width:178%;left:-39%;height:178%;top:-39%\" class=\"embed-responsive\">\n                      <iframe style=\"position: absolute;top: 0;left: 0;width: 100%;height: 100%;\" class=\"embed-responsive-item\" src=\"https:\/\/www.youtube-nocookie.com\/embed\/UhANUH7qAzQ?mute=0&amp;showinfo=0&amp;controls=0&amp;start=0\" allowfullscreen=\"\" frameborder=\"0\"><\/iframe>\n                    <\/div>\n                  <\/div>\n                <\/div>\n              <\/div>\n              <div class=\"u-align-left u-container-style u-layout-cell u-right-cell u-size-30 u-layout-cell-2\">\n                <div class=\"u-container-layout u-valign-middle u-container-layout-2\">\n                  <h2 class=\"u-text u-text-1\">w gospodarstwie<br>\n                  <\/h2>\n                <\/div>\n              <\/div>\n            <\/div>\n          <\/div>\n        <\/div>\n      <\/div>\n    <\/section>\n    <section class=\"u-clearfix u-section-8\" id=\"sec-6503\">\n      <div class=\"u-clearfix u-sheet u-sheet-1\">\n        <div class=\"u-clearfix u-expanded-width u-gutter-50 u-layout-wrap u-layout-wrap-1\">\n          <div class=\"u-layout\">\n            <div class=\"u-layout-row\">\n              <div class=\"u-align-left u-container-style u-layout-cell u-left-cell u-size-30 u-layout-cell-1\">\n                <div class=\"u-container-layout u-container-layout-1\">\n                  <div class=\"u-expanded u-video\">\n                    <div style=\" position: absolute;width:178%;left:-39%;height:178%;top:-39%\" class=\"embed-responsive\">\n                      <iframe style=\"position: absolute;top: 0;left: 0;width: 100%;height: 100%;\" class=\"embed-responsive-item\" src=\"https:\/\/www.youtube-nocookie.com\/embed\/qgC9tMMJZWI?mute=0&amp;showinfo=0&amp;controls=0&amp;start=0\" allowfullscreen=\"\" frameborder=\"0\"><\/iframe>\n                    <\/div>\n                  <\/div>\n                <\/div>\n              <\/div>\n              <div class=\"u-align-left u-container-style u-layout-cell u-right-cell u-size-30 u-layout-cell-2\">\n                <div class=\"u-container-layout u-valign-middle u-container-layout-2\">\n                  <h2 class=\"u-text u-text-1\">por\u00f3wnanie ze zwyk\u0142\u0105 taczk\u0105<br>\n                  <\/h2>\n                  <p class=\"u-text u-text-2\">W Muck Truck zastosowano dodatkowy komplet k\u00f3\u0142 przednich dla poprawienia stabilno\u015bci w grz\u0105skim terenie (jedno z wielu \ndost\u0119pnych akcesori\u00f3w)<\/p>\n                <\/div>\n              <\/div>\n            <\/div>\n          <\/div>\n        <\/div>\n      <\/div>\n    <\/section>\n    <section class=\"u-clearfix u-section-9\" id=\"sec-13fa\">\n      <div class=\"u-clearfix u-sheet u-sheet-1\">\n        <div class=\"u-clearfix u-expanded-width u-gutter-50 u-layout-wrap u-layout-wrap-1\">\n          <div class=\"u-layout\">\n            <div class=\"u-layout-row\">\n              <div class=\"u-align-left u-container-style u-layout-cell u-left-cell u-size-30 u-layout-cell-1\">\n                <div class=\"u-container-layout u-container-layout-1\">\n                  <div class=\"u-expanded u-video\">\n                    <div style=\" position: absolute;width:178%;left:-39%;height:178%;top:-39%\" class=\"embed-responsive\">\n                      <iframe style=\"position: absolute;top: 0;left: 0;width: 100%;height: 100%;\" class=\"embed-responsive-item\" src=\"https:\/\/www.youtube-nocookie.com\/embed\/dA0dnf5ouyw?mute=0&amp;showinfo=0&amp;controls=0&amp;start=0\" allowfullscreen=\"\" frameborder=\"0\"><\/iframe>\n                    <\/div>\n                  <\/div>\n                <\/div>\n              <\/div>\n              <div class=\"u-align-left u-container-style u-layout-cell u-right-cell u-size-30 u-layout-cell-2\">\n                <div class=\"u-container-layout u-container-layout-2\">\n                  <h2 class=\"u-text u-text-1\">max truck z platform\u0105<br>\n                  <\/h2>\n                  <p class=\"u-text u-text-2\">Wykorzystanie Max Truck w brukarstwie - z platform\u0105 jako jednym z wielu akcesori\u00f3w<br>\n                  <\/p>\n                <\/div>\n              <\/div>\n            <\/div>\n          <\/div>\n        <\/div>\n      <\/div>\n    <\/section>\n    <section class=\"u-clearfix u-section-10\" id=\"sec-5b8c\">\n      <div class=\"u-clearfix u-sheet u-sheet-1\">\n        <div class=\"u-clearfix u-expanded-width u-gutter-50 u-layout-wrap u-layout-wrap-1\">\n          <div class=\"u-layout\">\n            <div class=\"u-layout-row\">\n              <div class=\"u-align-left u-container-style u-layout-cell u-left-cell u-size-30 u-layout-cell-1\">\n                <div class=\"u-container-layout u-container-layout-1\">\n                  <div class=\"u-expanded u-video\">\n                    <div style=\" position: absolute;width:178%;left:-39%;height:178%;top:-39%\" class=\"embed-responsive\">\n                      <iframe style=\"position: absolute;top: 0;left: 0;width: 100%;height: 100%;\" class=\"embed-responsive-item\" src=\"https:\/\/www.youtube-nocookie.com\/embed\/wALjkHUJAFg?mute=0&amp;showinfo=0&amp;controls=0&amp;start=0\" allowfullscreen=\"\" frameborder=\"0\"><\/iframe>\n                    <\/div>\n                  <\/div>\n                <\/div>\n              <\/div>\n              <div class=\"u-align-left u-container-style u-layout-cell u-right-cell u-size-30 u-layout-cell-2\">\n                <div class=\"u-container-layout u-valign-middle u-container-layout-2\">\n                  <h2 class=\"u-text u-text-1\">wsp\u00f3\u0142praca z minikopark\u0105<br>\n                  <\/h2>\n                  <p class=\"u-text u-text-2\">Przyk\u0142ad usprawnienia pracy przy pomocy maszyn ma\u0142ych gabaryt\u00f3w<\/p>\n                <\/div>\n              <\/div>\n            <\/div>\n          <\/div>\n        <\/div>\n      <\/div>\n    <\/section>\n    \n    \n  \n","protected":false},"excerpt":{"rendered":"<p>Video &#8211; MUCK TRUCK W AKCJI Muck Truck &amp; Sherpa ZASTOSOWANIE MAX TRUCK W PRAKTYCE Wymiana akcesorium w gospodarstwie por\u00f3wnanie ze zwyk\u0142\u0105 taczk\u0105 W Muck Truck zastosowano dodatkowy komplet k\u00f3\u0142 przednich dla poprawienia stabilno\u015bci w grz\u0105skim terenie (jedno z wielu dost\u0119pnych akcesori\u00f3w) max truck z platform\u0105 Wykorzystanie Max Truck w brukarstwie &#8211; z platform\u0105 jako &hellip; <a href=\"https:\/\/muck-truck.pl\/index.php\/wspolpraca-copy\/\" class=\"more-link\">Continue reading<span class=\"screen-reader-text\"> &#8222;Video&#8221;<\/span><\/a><\/p>\n","protected":false},"author":1,"featured_media":0,"parent":0,"menu_order":17,"comment_status":"closed","ping_status":"closed","template":"","meta":{"footnotes":""},"class_list":["post-260","page","type-page","status-publish","hentry"],"_links":{"self":[{"href":"https:\/\/muck-truck.pl\/index.php\/wp-json\/wp\/v2\/pages\/260","targetHints":{"allow":["GET"]}}],"collection":[{"href":"https:\/\/muck-truck.pl\/index.php\/wp-json\/wp\/v2\/pages"}],"about":[{"href":"https:\/\/muck-truck.pl\/index.php\/wp-json\/wp\/v2\/types\/page"}],"author":[{"embeddable":true,"href":"https:\/\/muck-truck.pl\/index.php\/wp-json\/wp\/v2\/users\/1"}],"replies":[{"embeddable":true,"href":"https:\/\/muck-truck.pl\/index.php\/wp-json\/wp\/v2\/comments?post=260"}],"version-history":[{"count":14,"href":"https:\/\/muck-truck.pl\/index.php\/wp-json\/wp\/v2\/pages\/260\/revisions"}],"predecessor-version":[{"id":289,"href":"https:\/\/muck-truck.pl\/index.php\/wp-json\/wp\/v2\/pages\/260\/revisions\/289"}],"wp:attachment":[{"href":"https:\/\/muck-truck.pl\/index.php\/wp-json\/wp\/v2\/media?parent=260"}],"curies":[{"name":"wp","href":"https:\/\/api.w.org\/{rel}","templated":true}]}}